{"id":6969,"date":"2023-05-04T13:35:26","date_gmt":"2023-05-04T13:35:26","guid":{"rendered":"https:\/\/firadecirc.org\/la-fira\/ediciones-anteriores\/fira-de-circ-2010\/"},"modified":"2024-05-29T16:47:02","modified_gmt":"2024-05-29T16:47:02","slug":"fira-de-circ-2010","status":"publish","type":"page","link":"https:\/\/firadecirc.org\/es\/la-fira\/ediciones-anteriores\/fira-de-circ-2010\/","title":{"rendered":"Fira de Circ 2010"},"content":{"rendered":"\t\t<div data-elementor-type=\"wp-page\" data-elementor-id=\"6969\" class=\"elementor elementor-6969 elementor-4310\" data-elementor-post-type=\"page\">\n\t\t\t\t\t\t<section class=\"elementor-section elementor-top-section elementor-element elementor-element-196ee45 elementor-section-full_width elementor-section-height-default elementor-section-height-default\" data-id=\"196ee45\" data-element_type=\"section\" data-e-type=\"section\" data-settings=\"{&quot;jet_parallax_layout_list&quot;:[],&quot;background_background&quot;:&quot;classic&quot;}\">\n\t\t\t\t\t\t<div class=\"elementor-container elementor-column-gap-no\">\n\t\t\t\t\t<div class=\"elementor-column elementor-col-100 elementor-top-column elementor-element elementor-element-94799cf\" data-id=\"94799cf\" data-element_type=\"column\" data-e-type=\"column\">\n\t\t\t<div class=\"elementor-widget-wrap elementor-element-populated\">\n\t\t\t\t\t\t<div class=\"elementor-element elementor-element-b9df566 elementor-widget elementor-widget-breadcrumbs\" data-id=\"b9df566\" data-element_type=\"widget\" data-e-type=\"widget\" data-widget_type=\"breadcrumbs.default\">\n\t\t\t\t<div class=\"elementor-widget-container\">\n\t\t\t\t\t<p id=\"breadcrumbs\"><span><span><a href=\"https:\/\/firadecirc.org\/es\/\">Inicio<\/a><\/span><\/span><\/p>\t\t\t\t<\/div>\n\t\t\t\t<\/div>\n\t\t\t\t<section class=\"elementor-section elementor-inner-section elementor-element elementor-element-434baad elementor-section-full_width elementor-section-height-default elementor-section-height-default\" data-id=\"434baad\" data-element_type=\"section\" data-e-type=\"section\" data-settings=\"{&quot;jet_parallax_layout_list&quot;:[]}\">\n\t\t\t\t\t\t<div class=\"elementor-container elementor-column-gap-no\">\n\t\t\t\t\t<div class=\"elementor-column elementor-col-100 elementor-inner-column elementor-element elementor-element-111a91d\" data-id=\"111a91d\" data-element_type=\"column\" data-e-type=\"column\">\n\t\t\t<div class=\"elementor-widget-wrap elementor-element-populated\">\n\t\t\t\t\t\t<div class=\"elementor-element elementor-element-d9bf6f1 elementor-widget elementor-widget-heading\" data-id=\"d9bf6f1\" data-element_type=\"widget\" data-e-type=\"widget\" data-widget_type=\"heading.default\">\n\t\t\t\t<div class=\"elementor-widget-container\">\n\t\t\t\t\t<h2 class=\"elementor-heading-title elementor-size-default\">Fira de Circ 2010<\/h2>\t\t\t\t<\/div>\n\t\t\t\t<\/div>\n\t\t\t\t<div class=\"elementor-element elementor-element-403309f elementor-arrows-position-outside elementor-widget elementor-widget-image-carousel\" data-id=\"403309f\" data-element_type=\"widget\" data-e-type=\"widget\" data-settings=\"{&quot;slides_to_show&quot;:&quot;2&quot;,&quot;navigation&quot;:&quot;arrows&quot;,&quot;slides_to_scroll&quot;:&quot;2&quot;,&quot;slides_to_show_mobile&quot;:&quot;1&quot;,&quot;autoplay&quot;:&quot;yes&quot;,&quot;pause_on_hover&quot;:&quot;yes&quot;,&quot;pause_on_interaction&quot;:&quot;yes&quot;,&quot;autoplay_speed&quot;:5000,&quot;infinite&quot;:&quot;yes&quot;,&quot;speed&quot;:500,&quot;image_spacing_custom&quot;:{&quot;unit&quot;:&quot;px&quot;,&quot;size&quot;:20,&quot;sizes&quot;:[]},&quot;image_spacing_custom_tablet&quot;:{&quot;unit&quot;:&quot;px&quot;,&quot;size&quot;:&quot;&quot;,&quot;sizes&quot;:[]}}\" data-widget_type=\"image-carousel.default\">\n\t\t\t\t<div class=\"elementor-widget-container\">\n\t\t\t\t\t\t\t<div class=\"elementor-image-carousel-wrapper swiper\" role=\"region\" aria-roledescription=\"carousel\" aria-label=\"Carrusel de im\u00e1genes\" dir=\"ltr\">\n\t\t\t<div class=\"elementor-image-carousel swiper-wrapper\" aria-live=\"off\">\n\t\t\t\t\t\t\t\t<div class=\"swiper-slide\" role=\"group\" aria-roledescription=\"slide\" aria-label=\"1 de 6\"><figure class=\"swiper-slide-inner\"><img decoding=\"async\" class=\"swiper-slide-image\" src=\"https:\/\/firadecirc.org\/wp-content\/uploads\/2023\/05\/Imatge1-8.jpg\" alt=\"Imatge1\" \/><\/figure><\/div><div class=\"swiper-slide\" role=\"group\" aria-roledescription=\"slide\" aria-label=\"2 de 6\"><figure class=\"swiper-slide-inner\"><img decoding=\"async\" class=\"swiper-slide-image\" src=\"https:\/\/firadecirc.org\/wp-content\/uploads\/2023\/05\/Imatge2-8.jpg\" alt=\"Imatge2\" \/><\/figure><\/div><div class=\"swiper-slide\" role=\"group\" aria-roledescription=\"slide\" aria-label=\"3 de 6\"><figure class=\"swiper-slide-inner\"><img decoding=\"async\" class=\"swiper-slide-image\" src=\"https:\/\/firadecirc.org\/wp-content\/uploads\/2023\/05\/Imatge3-8.jpg\" alt=\"Imatge3\" \/><\/figure><\/div><div class=\"swiper-slide\" role=\"group\" aria-roledescription=\"slide\" aria-label=\"4 de 6\"><figure class=\"swiper-slide-inner\"><img decoding=\"async\" class=\"swiper-slide-image\" src=\"https:\/\/firadecirc.org\/wp-content\/uploads\/2023\/05\/Imatge4-8.jpg\" alt=\"Imatge4\" \/><\/figure><\/div><div class=\"swiper-slide\" role=\"group\" aria-roledescription=\"slide\" aria-label=\"5 de 6\"><figure class=\"swiper-slide-inner\"><img decoding=\"async\" class=\"swiper-slide-image\" src=\"https:\/\/firadecirc.org\/wp-content\/uploads\/2023\/05\/Imatge5-5.jpg\" alt=\"Imatge5\" \/><\/figure><\/div><div class=\"swiper-slide\" role=\"group\" aria-roledescription=\"slide\" aria-label=\"6 de 6\"><figure class=\"swiper-slide-inner\"><img decoding=\"async\" class=\"swiper-slide-image\" src=\"https:\/\/firadecirc.org\/wp-content\/uploads\/2023\/05\/Imatge6-3.jpg\" alt=\"Imatge6\" \/><\/figure><\/div>\t\t\t<\/div>\n\t\t\t\t\t\t\t\t\t\t\t\t<div class=\"elementor-swiper-button elementor-swiper-button-prev\" role=\"button\" tabindex=\"0\">\n\t\t\t\t\t\t<i aria-hidden=\"true\" class=\"eicon-chevron-left\"><\/i>\t\t\t\t\t<\/div>\n\t\t\t\t\t<div class=\"elementor-swiper-button elementor-swiper-button-next\" role=\"button\" tabindex=\"0\">\n\t\t\t\t\t\t<i aria-hidden=\"true\" class=\"eicon-chevron-right\"><\/i>\t\t\t\t\t<\/div>\n\t\t\t\t\n\t\t\t\t\t\t\t\t\t<\/div>\n\t\t\t\t\t\t<\/div>\n\t\t\t\t<\/div>\n\t\t\t\t<div class=\"elementor-element elementor-element-be4a600 elementor-align-start elementor-icon-list--layout-traditional elementor-list-item-link-full_width elementor-widget elementor-widget-icon-list\" data-id=\"be4a600\" data-element_type=\"widget\" data-e-type=\"widget\" data-widget_type=\"icon-list.default\">\n\t\t\t\t<div class=\"elementor-widget-container\">\n\t\t\t\t\t\t\t<ul class=\"elementor-icon-list-items\">\n\t\t\t\t\t\t\t<li class=\"elementor-icon-list-item\">\n\t\t\t\t\t\t\t\t\t\t\t<a href=\"https:\/\/www.elpuntavui.cat\/article\/2-societat\/5-societat\/192518-mes-espectacles-que-mai.html\" target=\"_blank\" rel=\"nofollow\">\n\n\t\t\t\t\t\t\t\t\t\t\t\t<span class=\"elementor-icon-list-icon\">\n\t\t\t\t\t\t\t<i aria-hidden=\"true\" class=\"fas fa-link\"><\/i>\t\t\t\t\t\t<\/span>\n\t\t\t\t\t\t\t\t\t\t<span class=\"elementor-icon-list-text\">M\u00e9s espectacles que mai (Punt Diari 16-07-2010)<\/span>\n\t\t\t\t\t\t\t\t\t\t\t<\/a>\n\t\t\t\t\t\t\t\t\t<\/li>\n\t\t\t\t\t\t\t\t<li class=\"elementor-icon-list-item\">\n\t\t\t\t\t\t\t\t\t\t\t<a href=\"https:\/\/www.elpuntavui.cat\/article\/5-cultura\/19-cultura\/196580-la-bisbal-despectacle.htmll\" target=\"_blank\" rel=\"nofollow\">\n\n\t\t\t\t\t\t\t\t\t\t\t\t<span class=\"elementor-icon-list-icon\">\n\t\t\t\t\t\t\t<i aria-hidden=\"true\" class=\"fas fa-link\"><\/i>\t\t\t\t\t\t<\/span>\n\t\t\t\t\t\t\t\t\t\t<span class=\"elementor-icon-list-text\">La Bisbal d'espectacle (Punt Diari 18-07-2010)<\/span>\n\t\t\t\t\t\t\t\t\t\t\t<\/a>\n\t\t\t\t\t\t\t\t\t<\/li>\n\t\t\t\t\t\t\t\t<li class=\"elementor-icon-list-item\">\n\t\t\t\t\t\t\t\t\t\t\t<a href=\"https:\/\/www.diaridegirona.cat\/cultura\/2010\/06\/18\/bisbal-somriura-com-mai-amb-49521416.html\" target=\"_blank\" rel=\"nofollow\">\n\n\t\t\t\t\t\t\t\t\t\t\t\t<span class=\"elementor-icon-list-icon\">\n\t\t\t\t\t\t\t<i aria-hidden=\"true\" class=\"fas fa-link\"><\/i>\t\t\t\t\t\t<\/span>\n\t\t\t\t\t\t\t\t\t\t<span class=\"elementor-icon-list-text\">La Bisbal somriur\u00e0 com mai amb la Fira de Circ m\u00e9s nodrida (Diari de Girona 18-06-2010)<\/span>\n\t\t\t\t\t\t\t\t\t\t\t<\/a>\n\t\t\t\t\t\t\t\t\t<\/li>\n\t\t\t\t\t\t\t\t<li class=\"elementor-icon-list-item\">\n\t\t\t\t\t\t\t\t\t\t\t<a href=\"https:\/\/www.diaridegirona.cat\/cultura\/2016\/07\/17\/fira-circ-omple-els-carrers-49116785.html\" target=\"_blank\" rel=\"nofollow\">\n\n\t\t\t\t\t\t\t\t\t\t\t\t<span class=\"elementor-icon-list-icon\">\n\t\t\t\t\t\t\t<i aria-hidden=\"true\" class=\"fas fa-link\"><\/i>\t\t\t\t\t\t<\/span>\n\t\t\t\t\t\t\t\t\t\t<span class=\"elementor-icon-list-text\">La Fira del Circ omple els carrers de la Bisbal (Diari de Girona 18-07-2010)<\/span>\n\t\t\t\t\t\t\t\t\t\t\t<\/a>\n\t\t\t\t\t\t\t\t\t<\/li>\n\t\t\t\t\t\t\t\t<li class=\"elementor-icon-list-item\">\n\t\t\t\t\t\t\t\t\t\t\t<a href=\"https:\/\/www.elpuntavui.cat\/article\/5-cultura\/19-cultura\/183122-la-fira-de-circ-al-carrer-de-l\" target=\"_blank\" rel=\"nofollow\">\n\n\t\t\t\t\t\t\t\t\t\t\t\t<span class=\"elementor-icon-list-icon\">\n\t\t\t\t\t\t\t<i aria-hidden=\"true\" class=\"fas fa-link\"><\/i>\t\t\t\t\t\t<\/span>\n\t\t\t\t\t\t\t\t\t\t<span class=\"elementor-icon-list-text\">La Fira de Circ al Carrer de la Bisbal exhibeix la seva vitalitat (Avui 18-06-2010)<\/span>\n\t\t\t\t\t\t\t\t\t\t\t<\/a>\n\t\t\t\t\t\t\t\t\t<\/li>\n\t\t\t\t\t\t\t\t<li class=\"elementor-icon-list-item\">\n\t\t\t\t\t\t\t\t\t\t\t<a href=\"https:\/\/sies.tv\/la-fira-de-circ-al-carrer-de-la-bisbal-proposa-mes-espectacles-que-mai-a-la-15a-edicio.html\" target=\"_blank\" rel=\"nofollow\">\n\n\t\t\t\t\t\t\t\t\t\t\t\t<span class=\"elementor-icon-list-icon\">\n\t\t\t\t\t\t\t<i aria-hidden=\"true\" class=\"fas fa-link\"><\/i>\t\t\t\t\t\t<\/span>\n\t\t\t\t\t\t\t\t\t\t<span class=\"elementor-icon-list-text\">SIESTV<\/span>\n\t\t\t\t\t\t\t\t\t\t\t<\/a>\n\t\t\t\t\t\t\t\t\t<\/li>\n\t\t\t\t\t\t\t\t<li class=\"elementor-icon-list-item\">\n\t\t\t\t\t\t\t\t\t\t\t<a href=\"https:\/\/www.youtube.com\/watch?v=V7XXIZIVRoQ&#038;ab_channel=BrunoM.Gagliardini\" target=\"_blank\" rel=\"nofollow\">\n\n\t\t\t\t\t\t\t\t\t\t\t\t<span class=\"elementor-icon-list-icon\">\n\t\t\t\t\t\t\t<i aria-hidden=\"true\" class=\"fas fa-link\"><\/i>\t\t\t\t\t\t<\/span>\n\t\t\t\t\t\t\t\t\t\t<span class=\"elementor-icon-list-text\">YOUTUBE<\/span>\n\t\t\t\t\t\t\t\t\t\t\t<\/a>\n\t\t\t\t\t\t\t\t\t<\/li>\n\t\t\t\t\t\t<\/ul>\n\t\t\t\t\t\t<\/div>\n\t\t\t\t<\/div>\n\t\t\t\t\t<\/div>\n\t\t<\/div>\n\t\t\t\t\t<\/div>\n\t\t<\/section>\n\t\t\t\t\t<\/div>\n\t\t<\/div>\n\t\t\t\t\t<\/div>\n\t\t<\/section>\n\t\t\t\t<\/div>\n\t\t","protected":false},"excerpt":{"rendered":"<p>Fira de Circ 2010 M\u00e9s espectacles que mai (Punt Diari 16-07-2010) La Bisbal d&#8217;espectacle (Punt Diari 18-07-2010) La Bisbal somriur\u00e0 com mai amb la Fira de Circ m\u00e9s nodrida (Diari de Girona 18-06-2010) La Fira del Circ omple els carrers de la Bisbal (Diari de Girona 18-07-2010) La Fira de Circ al Carrer de la [&hellip;]<\/p>\n","protected":false},"author":1,"featured_media":0,"parent":6959,"menu_order":0,"comment_status":"closed","ping_status":"closed","template":"elementor_header_footer","meta":{"inline_featured_image":false,"footnotes":""},"class_list":["post-6969","page","type-page","status-publish","hentry"],"yoast_head":"<!-- This site is optimized with the Yoast SEO plugin v27.3 - https:\/\/yoast.com\/product\/yoast-seo-wordpress\/ -->\n<title>Fira de Circ 2010 - Fira de Circ<\/title>\n<meta name=\"robots\" content=\"index, follow, max-snippet:-1, max-image-preview:large, max-video-preview:-1\" \/>\n<link rel=\"canonical\" href=\"https:\/\/firadecirc.org\/es\/la-fira\/ediciones-anteriores\/fira-de-circ-2010\/\" \/>\n<meta property=\"og:locale\" content=\"es_ES\" \/>\n<meta property=\"og:type\" content=\"article\" \/>\n<meta property=\"og:title\" content=\"Fira de Circ 2010 - Fira de Circ\" \/>\n<meta property=\"og:description\" content=\"Fira de Circ 2010 M\u00e9s espectacles que mai (Punt Diari 16-07-2010) La Bisbal d&#8217;espectacle (Punt Diari 18-07-2010) La Bisbal somriur\u00e0 com mai amb la Fira de Circ m\u00e9s nodrida (Diari de Girona 18-06-2010) La Fira del Circ omple els carrers de la Bisbal (Diari de Girona 18-07-2010) La Fira de Circ al Carrer de la [&hellip;]\" \/>\n<meta property=\"og:url\" content=\"https:\/\/firadecirc.org\/es\/la-fira\/ediciones-anteriores\/fira-de-circ-2010\/\" \/>\n<meta property=\"og:site_name\" content=\"Fira de Circ\" \/>\n<meta property=\"article:modified_time\" content=\"2024-05-29T16:47:02+00:00\" \/>\n<meta property=\"og:image\" content=\"https:\/\/firadecirc.org\/wp-content\/uploads\/2023\/05\/Imatge1-8.jpg\" \/>\n<meta name=\"twitter:card\" content=\"summary_large_image\" \/>\n<script type=\"application\/ld+json\" class=\"yoast-schema-graph\">{\"@context\":\"https:\\\/\\\/schema.org\",\"@graph\":[{\"@type\":\"WebPage\",\"@id\":\"https:\\\/\\\/firadecirc.org\\\/es\\\/la-fira\\\/ediciones-anteriores\\\/fira-de-circ-2010\\\/\",\"url\":\"https:\\\/\\\/firadecirc.org\\\/es\\\/la-fira\\\/ediciones-anteriores\\\/fira-de-circ-2010\\\/\",\"name\":\"Fira de Circ 2010 - Fira de Circ\",\"isPartOf\":{\"@id\":\"https:\\\/\\\/firadecirc.org\\\/es\\\/#website\"},\"primaryImageOfPage\":{\"@id\":\"https:\\\/\\\/firadecirc.org\\\/es\\\/la-fira\\\/ediciones-anteriores\\\/fira-de-circ-2010\\\/#primaryimage\"},\"image\":{\"@id\":\"https:\\\/\\\/firadecirc.org\\\/es\\\/la-fira\\\/ediciones-anteriores\\\/fira-de-circ-2010\\\/#primaryimage\"},\"thumbnailUrl\":\"https:\\\/\\\/firadecirc.org\\\/wp-content\\\/uploads\\\/2023\\\/05\\\/Imatge1-8.jpg\",\"datePublished\":\"2023-05-04T13:35:26+00:00\",\"dateModified\":\"2024-05-29T16:47:02+00:00\",\"breadcrumb\":{\"@id\":\"https:\\\/\\\/firadecirc.org\\\/es\\\/la-fira\\\/ediciones-anteriores\\\/fira-de-circ-2010\\\/#breadcrumb\"},\"inLanguage\":\"es\",\"potentialAction\":[{\"@type\":\"ReadAction\",\"target\":[\"https:\\\/\\\/firadecirc.org\\\/es\\\/la-fira\\\/ediciones-anteriores\\\/fira-de-circ-2010\\\/\"]}]},{\"@type\":\"ImageObject\",\"inLanguage\":\"es\",\"@id\":\"https:\\\/\\\/firadecirc.org\\\/es\\\/la-fira\\\/ediciones-anteriores\\\/fira-de-circ-2010\\\/#primaryimage\",\"url\":\"https:\\\/\\\/firadecirc.org\\\/wp-content\\\/uploads\\\/2023\\\/05\\\/Imatge1-8.jpg\",\"contentUrl\":\"https:\\\/\\\/firadecirc.org\\\/wp-content\\\/uploads\\\/2023\\\/05\\\/Imatge1-8.jpg\"},{\"@type\":\"BreadcrumbList\",\"@id\":\"https:\\\/\\\/firadecirc.org\\\/es\\\/la-fira\\\/ediciones-anteriores\\\/fira-de-circ-2010\\\/#breadcrumb\",\"itemListElement\":[{\"@type\":\"ListItem\",\"position\":1,\"name\":\"Inicio\",\"item\":\"https:\\\/\\\/firadecirc.org\\\/es\\\/\"},{\"@type\":\"ListItem\",\"position\":2,\"name\":\"La Fira\",\"item\":\"https:\\\/\\\/firadecirc.org\\\/es\\\/la-fira\\\/\"},{\"@type\":\"ListItem\",\"position\":3,\"name\":\"Ediciones anteriores\",\"item\":\"https:\\\/\\\/firadecirc.org\\\/es\\\/la-fira\\\/edicions-anteriors\\\/\"},{\"@type\":\"ListItem\",\"position\":4,\"name\":\"Fira de Circ 2010\"}]},{\"@type\":\"WebSite\",\"@id\":\"https:\\\/\\\/firadecirc.org\\\/es\\\/#website\",\"url\":\"https:\\\/\\\/firadecirc.org\\\/es\\\/\",\"name\":\"Fira de Circ\",\"description\":\"Fira del Circ al Carrer de la Bisbal d&#039;Empord\u00e0\",\"potentialAction\":[{\"@type\":\"SearchAction\",\"target\":{\"@type\":\"EntryPoint\",\"urlTemplate\":\"https:\\\/\\\/firadecirc.org\\\/es\\\/?s={search_term_string}\"},\"query-input\":{\"@type\":\"PropertyValueSpecification\",\"valueRequired\":true,\"valueName\":\"search_term_string\"}}],\"inLanguage\":\"es\"}]}<\/script>\n<!-- \/ Yoast SEO plugin. -->","yoast_head_json":{"title":"Fira de Circ 2010 - Fira de Circ","robots":{"index":"index","follow":"follow","max-snippet":"max-snippet:-1","max-image-preview":"max-image-preview:large","max-video-preview":"max-video-preview:-1"},"canonical":"https:\/\/firadecirc.org\/es\/la-fira\/ediciones-anteriores\/fira-de-circ-2010\/","og_locale":"es_ES","og_type":"article","og_title":"Fira de Circ 2010 - Fira de Circ","og_description":"Fira de Circ 2010 M\u00e9s espectacles que mai (Punt Diari 16-07-2010) La Bisbal d&#8217;espectacle (Punt Diari 18-07-2010) La Bisbal somriur\u00e0 com mai amb la Fira de Circ m\u00e9s nodrida (Diari de Girona 18-06-2010) La Fira del Circ omple els carrers de la Bisbal (Diari de Girona 18-07-2010) La Fira de Circ al Carrer de la [&hellip;]","og_url":"https:\/\/firadecirc.org\/es\/la-fira\/ediciones-anteriores\/fira-de-circ-2010\/","og_site_name":"Fira de Circ","article_modified_time":"2024-05-29T16:47:02+00:00","og_image":[{"url":"https:\/\/firadecirc.org\/wp-content\/uploads\/2023\/05\/Imatge1-8.jpg","type":"","width":"","height":""}],"twitter_card":"summary_large_image","schema":{"@context":"https:\/\/schema.org","@graph":[{"@type":"WebPage","@id":"https:\/\/firadecirc.org\/es\/la-fira\/ediciones-anteriores\/fira-de-circ-2010\/","url":"https:\/\/firadecirc.org\/es\/la-fira\/ediciones-anteriores\/fira-de-circ-2010\/","name":"Fira de Circ 2010 - Fira de Circ","isPartOf":{"@id":"https:\/\/firadecirc.org\/es\/#website"},"primaryImageOfPage":{"@id":"https:\/\/firadecirc.org\/es\/la-fira\/ediciones-anteriores\/fira-de-circ-2010\/#primaryimage"},"image":{"@id":"https:\/\/firadecirc.org\/es\/la-fira\/ediciones-anteriores\/fira-de-circ-2010\/#primaryimage"},"thumbnailUrl":"https:\/\/firadecirc.org\/wp-content\/uploads\/2023\/05\/Imatge1-8.jpg","datePublished":"2023-05-04T13:35:26+00:00","dateModified":"2024-05-29T16:47:02+00:00","breadcrumb":{"@id":"https:\/\/firadecirc.org\/es\/la-fira\/ediciones-anteriores\/fira-de-circ-2010\/#breadcrumb"},"inLanguage":"es","potentialAction":[{"@type":"ReadAction","target":["https:\/\/firadecirc.org\/es\/la-fira\/ediciones-anteriores\/fira-de-circ-2010\/"]}]},{"@type":"ImageObject","inLanguage":"es","@id":"https:\/\/firadecirc.org\/es\/la-fira\/ediciones-anteriores\/fira-de-circ-2010\/#primaryimage","url":"https:\/\/firadecirc.org\/wp-content\/uploads\/2023\/05\/Imatge1-8.jpg","contentUrl":"https:\/\/firadecirc.org\/wp-content\/uploads\/2023\/05\/Imatge1-8.jpg"},{"@type":"BreadcrumbList","@id":"https:\/\/firadecirc.org\/es\/la-fira\/ediciones-anteriores\/fira-de-circ-2010\/#breadcrumb","itemListElement":[{"@type":"ListItem","position":1,"name":"Inicio","item":"https:\/\/firadecirc.org\/es\/"},{"@type":"ListItem","position":2,"name":"La Fira","item":"https:\/\/firadecirc.org\/es\/la-fira\/"},{"@type":"ListItem","position":3,"name":"Ediciones anteriores","item":"https:\/\/firadecirc.org\/es\/la-fira\/edicions-anteriors\/"},{"@type":"ListItem","position":4,"name":"Fira de Circ 2010"}]},{"@type":"WebSite","@id":"https:\/\/firadecirc.org\/es\/#website","url":"https:\/\/firadecirc.org\/es\/","name":"Fira de Circ","description":"Fira del Circ al Carrer de la Bisbal d&#039;Empord\u00e0","potentialAction":[{"@type":"SearchAction","target":{"@type":"EntryPoint","urlTemplate":"https:\/\/firadecirc.org\/es\/?s={search_term_string}"},"query-input":{"@type":"PropertyValueSpecification","valueRequired":true,"valueName":"search_term_string"}}],"inLanguage":"es"}]}},"_links":{"self":[{"href":"https:\/\/firadecirc.org\/es\/wp-json\/wp\/v2\/pages\/6969","targetHints":{"allow":["GET"]}}],"collection":[{"href":"https:\/\/firadecirc.org\/es\/wp-json\/wp\/v2\/pages"}],"about":[{"href":"https:\/\/firadecirc.org\/es\/wp-json\/wp\/v2\/types\/page"}],"author":[{"embeddable":true,"href":"https:\/\/firadecirc.org\/es\/wp-json\/wp\/v2\/users\/1"}],"replies":[{"embeddable":true,"href":"https:\/\/firadecirc.org\/es\/wp-json\/wp\/v2\/comments?post=6969"}],"version-history":[{"count":7,"href":"https:\/\/firadecirc.org\/es\/wp-json\/wp\/v2\/pages\/6969\/revisions"}],"predecessor-version":[{"id":8270,"href":"https:\/\/firadecirc.org\/es\/wp-json\/wp\/v2\/pages\/6969\/revisions\/8270"}],"up":[{"embeddable":true,"href":"https:\/\/firadecirc.org\/es\/wp-json\/wp\/v2\/pages\/6959"}],"wp:attachment":[{"href":"https:\/\/firadecirc.org\/es\/wp-json\/wp\/v2\/media?parent=6969"}],"curies":[{"name":"wp","href":"https:\/\/api.w.org\/{rel}","templated":true}]}}