{"id":6957,"date":"2023-04-25T08:10:55","date_gmt":"2023-04-25T08:10:55","guid":{"rendered":"https:\/\/firadecirc.org\/informacion\/recomendaciones\/"},"modified":"2025-06-29T11:16:08","modified_gmt":"2025-06-29T11:16:08","slug":"recomendaciones","status":"publish","type":"page","link":"https:\/\/firadecirc.org\/es\/recomendaciones\/","title":{"rendered":"Recomendaciones"},"content":{"rendered":"\t\t<div data-elementor-type=\"wp-page\" data-elementor-id=\"6957\" class=\"elementor elementor-6957 elementor-3915\" data-elementor-post-type=\"page\">\n\t\t\t\t<div class=\"elementor-element elementor-element-b06c89c e-con-full e-flex e-con e-parent\" data-id=\"b06c89c\" data-element_type=\"container\" data-e-type=\"container\" data-settings=\"{&quot;jet_parallax_layout_list&quot;:[]}\">\n\t\t<div class=\"elementor-element elementor-element-d994bfd e-con-full e-flex e-con e-child\" data-id=\"d994bfd\" data-element_type=\"container\" data-e-type=\"container\" data-settings=\"{&quot;jet_parallax_layout_list&quot;:[]}\">\n\t\t\t\t<div class=\"elementor-element elementor-element-e876bb0 elementor-widget elementor-widget-heading\" data-id=\"e876bb0\" data-element_type=\"widget\" data-e-type=\"widget\" data-widget_type=\"heading.default\">\n\t\t\t\t<div class=\"elementor-widget-container\">\n\t\t\t\t\t<h1 class=\"elementor-heading-title elementor-size-default\">Recomendaciones<\/h1>\t\t\t\t<\/div>\n\t\t\t\t<\/div>\n\t\t\t\t<\/div>\n\t\t\t\t<\/div>\n\t\t<div class=\"elementor-element elementor-element-65343d1 e-con-full e-flex e-con e-parent\" data-id=\"65343d1\" data-element_type=\"container\" data-e-type=\"container\" data-settings=\"{&quot;jet_parallax_layout_list&quot;:[]}\">\n\t\t<div class=\"elementor-element elementor-element-6a0676f e-con-full e-flex e-con e-child\" data-id=\"6a0676f\" data-element_type=\"container\" data-e-type=\"container\" data-settings=\"{&quot;jet_parallax_layout_list&quot;:[]}\">\n\t\t\t\t<div class=\"elementor-element elementor-element-77450e3 elementor-widget elementor-widget-heading\" data-id=\"77450e3\" data-element_type=\"widget\" data-e-type=\"widget\" data-widget_type=\"heading.default\">\n\t\t\t\t<div class=\"elementor-widget-container\">\n\t\t\t\t\t<p class=\"elementor-heading-title elementor-size-default\">1<\/p>\t\t\t\t<\/div>\n\t\t\t\t<\/div>\n\t\t\t\t<div class=\"elementor-element elementor-element-b129e0b elementor-widget__width-inherit elementor-widget elementor-widget-text-editor\" data-id=\"b129e0b\" data-element_type=\"widget\" data-e-type=\"widget\" data-widget_type=\"text-editor.default\">\n\t\t\t\t<div class=\"elementor-widget-container\">\n\t\t\t\t\t\t\t\t\t<p>El aforo de los espect\u00e1culos de pago es limitado. Le recomendamos que compre las entradas con antelaci\u00f3n en el Punto de Informaci\u00f3n de la Fira (Paseo Marimon Asprer, 10). Los ni\u00f1os y ni\u00f1as pagan a partir de los 4 a\u00f1os, Los menores de esta edad no pagar\u00e1n siempre que se sienten en la falda del adulto.<\/p>\n\t\t\t\t\t\t\t\t<\/div>\n\t\t\t\t<\/div>\n\t\t\t\t<\/div>\n\t\t<div class=\"elementor-element elementor-element-37aa647 e-con-full e-flex e-con e-child\" data-id=\"37aa647\" data-element_type=\"container\" data-e-type=\"container\" data-settings=\"{&quot;jet_parallax_layout_list&quot;:[]}\">\n\t\t\t\t<div class=\"elementor-element elementor-element-ac56897 elementor-widget elementor-widget-heading\" data-id=\"ac56897\" data-element_type=\"widget\" data-e-type=\"widget\" data-widget_type=\"heading.default\">\n\t\t\t\t<div class=\"elementor-widget-container\">\n\t\t\t\t\t<p class=\"elementor-heading-title elementor-size-default\">2<\/p>\t\t\t\t<\/div>\n\t\t\t\t<\/div>\n\t\t\t\t<div class=\"elementor-element elementor-element-5b13ed6 elementor-widget__width-inherit elementor-widget elementor-widget-text-editor\" data-id=\"5b13ed6\" data-element_type=\"widget\" data-e-type=\"widget\" data-widget_type=\"text-editor.default\">\n\t\t\t\t<div class=\"elementor-widget-container\">\n\t\t\t\t\t\t\t\t\t<p>Los escenarios est\u00e1n limitados f\u00edsicamente. Rogamos que respete el espacio de trabajo de los artistas.<\/p>\n\t\t\t\t\t\t\t\t<\/div>\n\t\t\t\t<\/div>\n\t\t\t\t<\/div>\n\t\t<div class=\"elementor-element elementor-element-5dd8200 e-con-full e-flex e-con e-child\" data-id=\"5dd8200\" data-element_type=\"container\" data-e-type=\"container\" data-settings=\"{&quot;jet_parallax_layout_list&quot;:[]}\">\n\t\t\t\t<div class=\"elementor-element elementor-element-920ba3c elementor-widget elementor-widget-heading\" data-id=\"920ba3c\" data-element_type=\"widget\" data-e-type=\"widget\" data-widget_type=\"heading.default\">\n\t\t\t\t<div class=\"elementor-widget-container\">\n\t\t\t\t\t<p class=\"elementor-heading-title elementor-size-default\">3<\/p>\t\t\t\t<\/div>\n\t\t\t\t<\/div>\n\t\t\t\t<div class=\"elementor-element elementor-element-8df7a0d elementor-widget__width-inherit elementor-widget elementor-widget-text-editor\" data-id=\"8df7a0d\" data-element_type=\"widget\" data-e-type=\"widget\" data-widget_type=\"text-editor.default\">\n\t\t\t\t<div class=\"elementor-widget-container\">\n\t\t\t\t\t\t\t\t\t<p>El p\u00fablico deber\u00e1 asegurarse de que relojes, tel\u00e9fonos m\u00f3viles u otros aparatos no emitir\u00e1n se\u00f1ales ac\u00fasticas que distraigan la atenci\u00f3n de los artistas y del p\u00fablico.<\/p>\n\t\t\t\t\t\t\t\t<\/div>\n\t\t\t\t<\/div>\n\t\t\t\t<\/div>\n\t\t<div class=\"elementor-element elementor-element-106fd6f e-con-full e-flex e-con e-child\" data-id=\"106fd6f\" data-element_type=\"container\" data-e-type=\"container\" data-settings=\"{&quot;jet_parallax_layout_list&quot;:[]}\">\n\t\t\t\t<div class=\"elementor-element elementor-element-1aade6c elementor-widget elementor-widget-heading\" data-id=\"1aade6c\" data-element_type=\"widget\" data-e-type=\"widget\" data-widget_type=\"heading.default\">\n\t\t\t\t<div class=\"elementor-widget-container\">\n\t\t\t\t\t<p class=\"elementor-heading-title elementor-size-default\">4<\/p>\t\t\t\t<\/div>\n\t\t\t\t<\/div>\n\t\t\t\t<div class=\"elementor-element elementor-element-c371c24 elementor-widget__width-inherit elementor-widget elementor-widget-text-editor\" data-id=\"c371c24\" data-element_type=\"widget\" data-e-type=\"widget\" data-widget_type=\"text-editor.default\">\n\t\t\t\t<div class=\"elementor-widget-container\">\n\t\t\t\t\t\t\t\t\t<p>Para el correcto desarrollo de los espectadores y para evitar posibles molestias a las compa\u00f1\u00edas y al resto de p\u00fablico se pide que los perros vayan atados en los espect\u00e1culos gratuitos.<\/p>\n\t\t\t\t\t\t\t\t<\/div>\n\t\t\t\t<\/div>\n\t\t\t\t<\/div>\n\t\t<div class=\"elementor-element elementor-element-aeb21bc e-con-full e-flex e-con e-child\" data-id=\"aeb21bc\" data-element_type=\"container\" data-e-type=\"container\" data-settings=\"{&quot;jet_parallax_layout_list&quot;:[]}\">\n\t\t\t\t<div class=\"elementor-element elementor-element-c0dd750 elementor-widget elementor-widget-heading\" data-id=\"c0dd750\" data-element_type=\"widget\" data-e-type=\"widget\" data-widget_type=\"heading.default\">\n\t\t\t\t<div class=\"elementor-widget-container\">\n\t\t\t\t\t<p class=\"elementor-heading-title elementor-size-default\">5<\/p>\t\t\t\t<\/div>\n\t\t\t\t<\/div>\n\t\t\t\t<div class=\"elementor-element elementor-element-697ad2e elementor-widget__width-inherit elementor-widget elementor-widget-text-editor\" data-id=\"697ad2e\" data-element_type=\"widget\" data-e-type=\"widget\" data-widget_type=\"text-editor.default\">\n\t\t\t\t<div class=\"elementor-widget-container\">\n\t\t\t\t\t\t\t\t\t<p>La organizaci\u00f3n de la Fira de Circ se reserva el derecho a introducir modificaciones en el programa si las circunstancias lo exigen.<\/p>\n\t\t\t\t\t\t\t\t<\/div>\n\t\t\t\t<\/div>\n\t\t\t\t<\/div>\n\t\t<div class=\"elementor-element elementor-element-f0f8609 e-con-full e-flex e-con e-child\" data-id=\"f0f8609\" data-element_type=\"container\" data-e-type=\"container\" data-settings=\"{&quot;jet_parallax_layout_list&quot;:[]}\">\n\t\t\t\t<div class=\"elementor-element elementor-element-87ac3d7 elementor-widget elementor-widget-heading\" data-id=\"87ac3d7\" data-element_type=\"widget\" data-e-type=\"widget\" data-widget_type=\"heading.default\">\n\t\t\t\t<div class=\"elementor-widget-container\">\n\t\t\t\t\t<p class=\"elementor-heading-title elementor-size-default\">6<\/p>\t\t\t\t<\/div>\n\t\t\t\t<\/div>\n\t\t\t\t<div class=\"elementor-element elementor-element-bb3b821 elementor-widget__width-inherit elementor-widget elementor-widget-text-editor\" data-id=\"bb3b821\" data-element_type=\"widget\" data-e-type=\"widget\" data-widget_type=\"text-editor.default\">\n\t\t\t\t<div class=\"elementor-widget-container\">\n\t\t\t\t\t\t\t\t\t<p>En los espect\u00e1culos de pago, las personas con movilidad reducida tendr\u00e1 acceso prioritario y una localizaci\u00f3n preferente. Se puede contactar con personal de la organizaci\u00f3n de la Fira de Circ en la entrada de cada escenario.<\/p>\n\t\t\t\t\t\t\t\t<\/div>\n\t\t\t\t<\/div>\n\t\t\t\t<\/div>\n\t\t\t\t<\/div>\n\t\t\t\t<\/div>\n\t\t","protected":false},"excerpt":{"rendered":"<p>Recomendaciones 1 El aforo de los espect\u00e1culos de pago es limitado. Le recomendamos que compre las entradas con antelaci\u00f3n en el Punto de Informaci\u00f3n de la Fira (Paseo Marimon Asprer, 10). Los ni\u00f1os y ni\u00f1as pagan a partir de los 4 a\u00f1os, Los menores de esta edad no pagar\u00e1n siempre que se sienten en la [&hellip;]<\/p>\n","protected":false},"author":1,"featured_media":0,"parent":0,"menu_order":0,"comment_status":"closed","ping_status":"closed","template":"elementor_header_footer","meta":{"inline_featured_image":false,"footnotes":""},"class_list":["post-6957","page","type-page","status-publish","hentry"],"yoast_head":"<!-- This site is optimized with the Yoast SEO plugin v27.3 - https:\/\/yoast.com\/product\/yoast-seo-wordpress\/ -->\n<title>Recomendaciones - Fira de Circ<\/title>\n<meta name=\"robots\" content=\"index, follow, max-snippet:-1, max-image-preview:large, max-video-preview:-1\" \/>\n<link rel=\"canonical\" href=\"https:\/\/firadecirc.org\/es\/recomendaciones\/\" \/>\n<meta property=\"og:locale\" content=\"es_ES\" \/>\n<meta property=\"og:type\" content=\"article\" \/>\n<meta property=\"og:title\" content=\"Recomendaciones - Fira de Circ\" \/>\n<meta property=\"og:description\" content=\"Recomendaciones 1 El aforo de los espect\u00e1culos de pago es limitado. Le recomendamos que compre las entradas con antelaci\u00f3n en el Punto de Informaci\u00f3n de la Fira (Paseo Marimon Asprer, 10). Los ni\u00f1os y ni\u00f1as pagan a partir de los 4 a\u00f1os, Los menores de esta edad no pagar\u00e1n siempre que se sienten en la [&hellip;]\" \/>\n<meta property=\"og:url\" content=\"https:\/\/firadecirc.org\/es\/recomendaciones\/\" \/>\n<meta property=\"og:site_name\" content=\"Fira de Circ\" \/>\n<meta property=\"article:modified_time\" content=\"2025-06-29T11:16:08+00:00\" \/>\n<meta name=\"twitter:card\" content=\"summary_large_image\" \/>\n<meta name=\"twitter:label1\" content=\"Tiempo de lectura\" \/>\n\t<meta name=\"twitter:data1\" content=\"1 minuto\" \/>\n<script type=\"application\/ld+json\" class=\"yoast-schema-graph\">{\"@context\":\"https:\\\/\\\/schema.org\",\"@graph\":[{\"@type\":\"WebPage\",\"@id\":\"https:\\\/\\\/firadecirc.org\\\/es\\\/recomendaciones\\\/\",\"url\":\"https:\\\/\\\/firadecirc.org\\\/es\\\/recomendaciones\\\/\",\"name\":\"Recomendaciones - Fira de Circ\",\"isPartOf\":{\"@id\":\"https:\\\/\\\/firadecirc.org\\\/es\\\/#website\"},\"datePublished\":\"2023-04-25T08:10:55+00:00\",\"dateModified\":\"2025-06-29T11:16:08+00:00\",\"breadcrumb\":{\"@id\":\"https:\\\/\\\/firadecirc.org\\\/es\\\/recomendaciones\\\/#breadcrumb\"},\"inLanguage\":\"es\",\"potentialAction\":[{\"@type\":\"ReadAction\",\"target\":[\"https:\\\/\\\/firadecirc.org\\\/es\\\/recomendaciones\\\/\"]}]},{\"@type\":\"BreadcrumbList\",\"@id\":\"https:\\\/\\\/firadecirc.org\\\/es\\\/recomendaciones\\\/#breadcrumb\",\"itemListElement\":[{\"@type\":\"ListItem\",\"position\":1,\"name\":\"Inicio\",\"item\":\"https:\\\/\\\/firadecirc.org\\\/es\\\/\"},{\"@type\":\"ListItem\",\"position\":2,\"name\":\"Recomendaciones\"}]},{\"@type\":\"WebSite\",\"@id\":\"https:\\\/\\\/firadecirc.org\\\/es\\\/#website\",\"url\":\"https:\\\/\\\/firadecirc.org\\\/es\\\/\",\"name\":\"Fira de Circ\",\"description\":\"Fira del Circ al Carrer de la Bisbal d&#039;Empord\u00e0\",\"potentialAction\":[{\"@type\":\"SearchAction\",\"target\":{\"@type\":\"EntryPoint\",\"urlTemplate\":\"https:\\\/\\\/firadecirc.org\\\/es\\\/?s={search_term_string}\"},\"query-input\":{\"@type\":\"PropertyValueSpecification\",\"valueRequired\":true,\"valueName\":\"search_term_string\"}}],\"inLanguage\":\"es\"}]}<\/script>\n<!-- \/ Yoast SEO plugin. -->","yoast_head_json":{"title":"Recomendaciones - Fira de Circ","robots":{"index":"index","follow":"follow","max-snippet":"max-snippet:-1","max-image-preview":"max-image-preview:large","max-video-preview":"max-video-preview:-1"},"canonical":"https:\/\/firadecirc.org\/es\/recomendaciones\/","og_locale":"es_ES","og_type":"article","og_title":"Recomendaciones - Fira de Circ","og_description":"Recomendaciones 1 El aforo de los espect\u00e1culos de pago es limitado. Le recomendamos que compre las entradas con antelaci\u00f3n en el Punto de Informaci\u00f3n de la Fira (Paseo Marimon Asprer, 10). Los ni\u00f1os y ni\u00f1as pagan a partir de los 4 a\u00f1os, Los menores de esta edad no pagar\u00e1n siempre que se sienten en la [&hellip;]","og_url":"https:\/\/firadecirc.org\/es\/recomendaciones\/","og_site_name":"Fira de Circ","article_modified_time":"2025-06-29T11:16:08+00:00","twitter_card":"summary_large_image","twitter_misc":{"Tiempo de lectura":"1 minuto"},"schema":{"@context":"https:\/\/schema.org","@graph":[{"@type":"WebPage","@id":"https:\/\/firadecirc.org\/es\/recomendaciones\/","url":"https:\/\/firadecirc.org\/es\/recomendaciones\/","name":"Recomendaciones - Fira de Circ","isPartOf":{"@id":"https:\/\/firadecirc.org\/es\/#website"},"datePublished":"2023-04-25T08:10:55+00:00","dateModified":"2025-06-29T11:16:08+00:00","breadcrumb":{"@id":"https:\/\/firadecirc.org\/es\/recomendaciones\/#breadcrumb"},"inLanguage":"es","potentialAction":[{"@type":"ReadAction","target":["https:\/\/firadecirc.org\/es\/recomendaciones\/"]}]},{"@type":"BreadcrumbList","@id":"https:\/\/firadecirc.org\/es\/recomendaciones\/#breadcrumb","itemListElement":[{"@type":"ListItem","position":1,"name":"Inicio","item":"https:\/\/firadecirc.org\/es\/"},{"@type":"ListItem","position":2,"name":"Recomendaciones"}]},{"@type":"WebSite","@id":"https:\/\/firadecirc.org\/es\/#website","url":"https:\/\/firadecirc.org\/es\/","name":"Fira de Circ","description":"Fira del Circ al Carrer de la Bisbal d&#039;Empord\u00e0","potentialAction":[{"@type":"SearchAction","target":{"@type":"EntryPoint","urlTemplate":"https:\/\/firadecirc.org\/es\/?s={search_term_string}"},"query-input":{"@type":"PropertyValueSpecification","valueRequired":true,"valueName":"search_term_string"}}],"inLanguage":"es"}]}},"_links":{"self":[{"href":"https:\/\/firadecirc.org\/es\/wp-json\/wp\/v2\/pages\/6957","targetHints":{"allow":["GET"]}}],"collection":[{"href":"https:\/\/firadecirc.org\/es\/wp-json\/wp\/v2\/pages"}],"about":[{"href":"https:\/\/firadecirc.org\/es\/wp-json\/wp\/v2\/types\/page"}],"author":[{"embeddable":true,"href":"https:\/\/firadecirc.org\/es\/wp-json\/wp\/v2\/users\/1"}],"replies":[{"embeddable":true,"href":"https:\/\/firadecirc.org\/es\/wp-json\/wp\/v2\/comments?post=6957"}],"version-history":[{"count":3,"href":"https:\/\/firadecirc.org\/es\/wp-json\/wp\/v2\/pages\/6957\/revisions"}],"predecessor-version":[{"id":11362,"href":"https:\/\/firadecirc.org\/es\/wp-json\/wp\/v2\/pages\/6957\/revisions\/11362"}],"wp:attachment":[{"href":"https:\/\/firadecirc.org\/es\/wp-json\/wp\/v2\/media?parent=6957"}],"curies":[{"name":"wp","href":"https:\/\/api.w.org\/{rel}","templated":true}]}}