{"id":6945,"date":"2023-05-16T09:08:37","date_gmt":"2023-05-16T09:08:37","guid":{"rendered":"https:\/\/firadecirc.org\/escuela-de-circo\/"},"modified":"2025-06-26T14:40:19","modified_gmt":"2025-06-26T14:40:19","slug":"escuela-de-circo","status":"publish","type":"page","link":"https:\/\/firadecirc.org\/es\/escuela-de-circo\/","title":{"rendered":"Escuela de Circo"},"content":{"rendered":"\t\t<div data-elementor-type=\"wp-page\" data-elementor-id=\"6945\" class=\"elementor elementor-6945 elementor-5077\" data-elementor-post-type=\"page\">\n\t\t\t\t<div class=\"elementor-element elementor-element-7e9172f e-con-full e-flex e-con e-parent\" data-id=\"7e9172f\" data-element_type=\"container\" data-e-type=\"container\" data-settings=\"{&quot;jet_parallax_layout_list&quot;:[]}\">\n\t\t<div class=\"elementor-element elementor-element-8edc21d e-con-full e-flex e-con e-child\" data-id=\"8edc21d\" data-element_type=\"container\" data-e-type=\"container\" data-settings=\"{&quot;jet_parallax_layout_list&quot;:[]}\">\n\t\t\t\t<div class=\"elementor-element elementor-element-669c352 elementor-widget elementor-widget-heading\" data-id=\"669c352\" data-element_type=\"widget\" data-e-type=\"widget\" data-widget_type=\"heading.default\">\n\t\t\t\t<div class=\"elementor-widget-container\">\n\t\t\t\t\t<h1 class=\"elementor-heading-title elementor-size-default\">Escuela de Circo<\/h1>\t\t\t\t<\/div>\n\t\t\t\t<\/div>\n\t\t\t\t<div class=\"elementor-element elementor-element-f6b2283 elementor-widget elementor-widget-image\" data-id=\"f6b2283\" data-element_type=\"widget\" data-e-type=\"widget\" data-widget_type=\"image.default\">\n\t\t\t\t<div class=\"elementor-widget-container\">\n\t\t\t\t\t\t\t\t\t\t\t\t\t\t\t<img fetchpriority=\"high\" decoding=\"async\" width=\"276\" height=\"470\" src=\"https:\/\/firadecirc.org\/wp-content\/uploads\/2025\/06\/img-escola-circ-gris.png\" class=\"attachment-large size-large wp-image-9989\" alt=\"\" srcset=\"https:\/\/firadecirc.org\/wp-content\/uploads\/2025\/06\/img-escola-circ-gris.png 276w, https:\/\/firadecirc.org\/wp-content\/uploads\/2025\/06\/img-escola-circ-gris-176x300.png 176w\" sizes=\"(max-width: 276px) 100vw, 276px\" \/>\t\t\t\t\t\t\t\t\t\t\t\t\t\t\t<\/div>\n\t\t\t\t<\/div>\n\t\t\t\t<div class=\"elementor-element elementor-element-875a98d elementor-widget__width-initial elementor-widget-tablet__width-initial elementor-widget-mobile__width-inherit elementor-widget elementor-widget-text-editor\" data-id=\"875a98d\" data-element_type=\"widget\" data-e-type=\"widget\" data-widget_type=\"text-editor.default\">\n\t\t\t\t<div class=\"elementor-widget-container\">\n\t\t\t\t\t\t\t\t\t<p>Fue el a\u00f1o 2010 cuando la Feria de Circo en la Calle de la Bisbal de Empord\u00e0 empez\u00f3 el proyecto Fem Circ para promover la formaci\u00f3n circense. Fue la primera piedra para forjar una Escuela de Circo que trabaja para potenciar y motivar la pr\u00e1ctica del circo en diferentes sectores de la poblaci\u00f3n y ni\u00f1os contribuir a su dignificaci\u00f3n y difusi\u00f3n como arte, las actividades de la Escuela de Circo tambi\u00e9n potencian la capacidad creativa, la expresi\u00f3n corporal y los valores circenses de constancia, superaci\u00f3n y compromiso.<\/p>\n<p>La escuela de Circo de la Bisbal desde sus inicios sigue una metodolog\u00eda de trabajo basada en la dinamizaci\u00f3n, integraci\u00f3n y generadora de nuevas.<\/p>\n\t\t\t\t\t\t\t\t<\/div>\n\t\t\t\t<\/div>\n\t\t\t\t<div class=\"elementor-element elementor-element-95223ff elementor-widget elementor-widget-button\" data-id=\"95223ff\" data-element_type=\"widget\" data-e-type=\"widget\" data-widget_type=\"button.default\">\n\t\t\t\t<div class=\"elementor-widget-container\">\n\t\t\t\t\t\t\t\t\t<div class=\"elementor-button-wrapper\">\n\t\t\t\t\t<a class=\"elementor-button elementor-button-link elementor-size-sm\" href=\"https:\/\/firadecirc.org\/es\/contactar\/escuela-de-circo\/\">\n\t\t\t\t\t\t<span class=\"elementor-button-content-wrapper\">\n\t\t\t\t\t\t\t\t\t<span class=\"elementor-button-text\">Contactanos<\/span>\n\t\t\t\t\t<\/span>\n\t\t\t\t\t<\/a>\n\t\t\t\t<\/div>\n\t\t\t\t\t\t\t\t<\/div>\n\t\t\t\t<\/div>\n\t\t\t\t<\/div>\n\t\t\t\t<\/div>\n\t\t<div class=\"elementor-element elementor-element-762206a e-flex e-con-boxed e-con e-parent\" data-id=\"762206a\" data-element_type=\"container\" data-e-type=\"container\" data-settings=\"{&quot;jet_parallax_layout_list&quot;:[]}\">\n\t\t\t\t\t<div class=\"e-con-inner\">\n\t\t\t\t<div class=\"elementor-element elementor-element-cd00439 elementor-widget elementor-widget-heading\" data-id=\"cd00439\" data-element_type=\"widget\" data-e-type=\"widget\" data-widget_type=\"heading.default\">\n\t\t\t\t<div class=\"elementor-widget-container\">\n\t\t\t\t\t<h1 class=\"elementor-heading-title elementor-size-default\">Talleres durante la Fira<\/h1>\t\t\t\t<\/div>\n\t\t\t\t<\/div>\n\t\t\t\t<div class=\"elementor-element elementor-element-926bca1 elementor-arrows-position-outside elementor-widget__width-initial elementor-widget-tablet__width-inherit elementor-widget elementor-widget-loop-carousel\" data-id=\"926bca1\" data-element_type=\"widget\" data-e-type=\"widget\" data-settings=\"{&quot;template_id&quot;:9286,&quot;image_spacing_custom&quot;:{&quot;unit&quot;:&quot;px&quot;,&quot;size&quot;:30,&quot;sizes&quot;:[]},&quot;image_spacing_custom_mobile&quot;:{&quot;unit&quot;:&quot;px&quot;,&quot;size&quot;:0,&quot;sizes&quot;:[]},&quot;slides_to_show&quot;:&quot;2&quot;,&quot;_skin&quot;:&quot;post&quot;,&quot;slides_to_show_tablet&quot;:&quot;2&quot;,&quot;slides_to_show_mobile&quot;:&quot;1&quot;,&quot;slides_to_scroll&quot;:&quot;1&quot;,&quot;edit_handle_selector&quot;:&quot;.elementor-loop-container&quot;,&quot;autoplay&quot;:&quot;yes&quot;,&quot;autoplay_speed&quot;:5000,&quot;pause_on_hover&quot;:&quot;yes&quot;,&quot;pause_on_interaction&quot;:&quot;yes&quot;,&quot;infinite&quot;:&quot;yes&quot;,&quot;speed&quot;:500,&quot;offset_sides&quot;:&quot;none&quot;,&quot;arrows&quot;:&quot;yes&quot;,&quot;image_spacing_custom_tablet&quot;:{&quot;unit&quot;:&quot;px&quot;,&quot;size&quot;:&quot;&quot;,&quot;sizes&quot;:[]}}\" data-widget_type=\"loop-carousel.post\">\n\t\t\t\t<div class=\"elementor-widget-container\">\n\t\t\t\t\t\t\t<div class=\"swiper elementor-loop-container elementor-grid\" role=\"list\" dir=\"ltr\">\n\t\t\t\t<div class=\"swiper-wrapper\" aria-live=\"off\">\n\t\t<style id=\"loop-dynamic-9286\">.e-loop-item-11308 .elementor-element.elementor-element-9b078cf:not(.elementor-motion-effects-element-type-background), .e-loop-item-11308 .elementor-element.elementor-element-9b078cf > .elementor-motion-effects-container > .elementor-motion-effects-layer{background-image:url(\"https:\/\/firadecirc.org\/wp-content\/uploads\/2025\/05\/Portada_Los_Herrerita.jpg\");}<\/style><style id=\"loop-9286\">.elementor-9286 .elementor-element.elementor-element-9b078cf{--display:flex;--min-height:570px;--flex-direction:column;--container-widget-width:100%;--container-widget-height:initial;--container-widget-flex-grow:0;--container-widget-align-self:initial;--flex-wrap-mobile:wrap;--justify-content:space-between;--gap:0px 0px;--row-gap:0px;--column-gap:0px;--overlay-opacity:0.3;--padding-top:20px;--padding-bottom:40px;--padding-left:20px;--padding-right:20px;}.elementor-9286 .elementor-element.elementor-element-9b078cf:not(.elementor-motion-effects-element-type-background), .elementor-9286 .elementor-element.elementor-element-9b078cf > .elementor-motion-effects-container > .elementor-motion-effects-layer{background-position:center center;background-repeat:no-repeat;background-size:cover;}.elementor-9286 .elementor-element.elementor-element-9b078cf::before, .elementor-9286 .elementor-element.elementor-element-9b078cf > .elementor-background-video-container::before, .elementor-9286 .elementor-element.elementor-element-9b078cf > .e-con-inner > .elementor-background-video-container::before, .elementor-9286 .elementor-element.elementor-element-9b078cf > .elementor-background-slideshow::before, .elementor-9286 .elementor-element.elementor-element-9b078cf > .e-con-inner > .elementor-background-slideshow::before, .elementor-9286 .elementor-element.elementor-element-9b078cf > .elementor-motion-effects-container > .elementor-motion-effects-layer::before{--background-overlay:'';background-color:#000000;}.elementor-9286 .elementor-element.elementor-element-9b078cf:hover::before, .elementor-9286 .elementor-element.elementor-element-9b078cf:hover > .elementor-background-video-container::before, .elementor-9286 .elementor-element.elementor-element-9b078cf:hover > .e-con-inner > .elementor-background-video-container::before, .elementor-9286 .elementor-element.elementor-element-9b078cf > .elementor-background-slideshow:hover::before, .elementor-9286 .elementor-element.elementor-element-9b078cf > .e-con-inner > .elementor-background-slideshow:hover::before{--background-overlay:'';background-color:#00000000;}.elementor-9286 .elementor-element.elementor-element-9b078cf:hover{--overlay-opacity:0;}.elementor-9286 .elementor-element.elementor-element-6322fda{--display:flex;--padding-top:0px;--padding-bottom:0px;--padding-left:0px;--padding-right:0px;}.elementor-widget-image .widget-image-caption{color:var( --e-global-color-text );font-family:var( --e-global-typography-text-font-family ), Sans-serif;font-weight:var( --e-global-typography-text-font-weight );}.elementor-9286 .elementor-element.elementor-element-27a6ec6{text-align:center;}.elementor-9286 .elementor-element.elementor-element-27a6ec6 img{width:40px;}.elementor-9286 .elementor-element.elementor-element-ed09515{--display:flex;--gap:0px 0px;--row-gap:0px;--column-gap:0px;--padding-top:0px;--padding-bottom:0px;--padding-left:0px;--padding-right:0px;}.elementor-widget-theme-post-title .elementor-heading-title{font-family:var( --e-global-typography-primary-font-family ), Sans-serif;font-weight:var( --e-global-typography-primary-font-weight );color:var( --e-global-color-primary );}.elementor-9286 .elementor-element.elementor-element-1e94fc6{text-align:center;}.elementor-9286 .elementor-element.elementor-element-1e94fc6 .elementor-heading-title{font-family:\"Beatrice\", Sans-serif;font-size:30px;font-weight:700;text-transform:uppercase;line-height:40px;color:#FFFFFF;}.elementor-widget-heading .elementor-heading-title{font-family:var( --e-global-typography-primary-font-family ), Sans-serif;font-weight:var( --e-global-typography-primary-font-weight );color:var( --e-global-color-primary );}.elementor-9286 .elementor-element.elementor-element-1cf5f38{text-align:center;}.elementor-9286 .elementor-element.elementor-element-1cf5f38 .elementor-heading-title{font-family:\"Beatrice\", Sans-serif;font-size:20px;font-weight:600;line-height:30px;color:#F9D896;}.elementor-9286 .elementor-element.elementor-element-1cf5f38 > .elementor-widget-container{margin:0px 0px 10px 0px;}.elementor-9286 .elementor-element.elementor-element-ebe31c0{text-align:center;}.elementor-9286 .elementor-element.elementor-element-ebe31c0 .elementor-heading-title{font-family:\"Beatrice\", Sans-serif;font-size:15px;font-weight:500;line-height:25px;color:#FFFFFF;}\/* Start custom CSS for heading, class: .elementor-element-1cf5f38 *\/.titolcaroussel{ \n    visibility:hidden;\n    opacity:0;\n    transition:opacity 1s linear;\n    display: none;\n}\n\n.allcaroussel:hover .titolcaroussel\n{\n    display:block;\n    visibility:visible;\n    opacity:1;\n}\n\n@media only screen and (max-width: 1024px) {\n.titolcaroussel{ \n   display:block !important;\n   opacity:1 !important;\n   visibility:visible !important;\n}\n}\/* End custom CSS *\/<\/style>\t\t<div data-elementor-type=\"loop-item\" data-elementor-id=\"9286\" class=\"elementor elementor-9286 swiper-slide e-loop-item e-loop-item-11308 post-11308 artista type-artista status-publish has-post-thumbnail hentry artista-2-funcions-cia-los-herrerita taller-circ-los-herrerita\" data-elementor-post-type=\"elementor_library\" role=\"group\" aria-roledescription=\"slide\" data-custom-edit-handle=\"1\">\n\t\t\t<a class=\"elementor-element elementor-element-9b078cf allcaroussel e-flex e-con-boxed e-con e-parent\" data-id=\"9b078cf\" data-element_type=\"container\" data-e-type=\"container\" data-settings=\"{&quot;background_background&quot;:&quot;classic&quot;,&quot;jet_parallax_layout_list&quot;:[],&quot;background_motion_fx_motion_fx_scrolling&quot;:&quot;yes&quot;,&quot;background_motion_fx_devices&quot;:[&quot;desktop&quot;,&quot;tablet&quot;,&quot;mobile&quot;]}\" href=\"https:\/\/firadecirc.org\/es\/artista\/cia-los-herrerita\/\">\n\t\t\t\t\t<div class=\"e-con-inner\">\n\t\t<div class=\"elementor-element elementor-element-6322fda e-con-full e-flex e-con e-child\" data-id=\"6322fda\" data-element_type=\"container\" data-e-type=\"container\" data-settings=\"{&quot;jet_parallax_layout_list&quot;:[]}\">\n\t\t<!-- hidden widget 11308-27a6ec6 -->\t\t<\/div>\n\t\t<div class=\"elementor-element elementor-element-ed09515 e-con-full e-flex e-con e-child\" data-id=\"ed09515\" data-element_type=\"container\" data-e-type=\"container\" data-settings=\"{&quot;jet_parallax_layout_list&quot;:[]}\">\n\t\t\t\t<div class=\"elementor-element elementor-element-1e94fc6 elementor-widget elementor-widget-theme-post-title elementor-page-title elementor-widget-heading\" data-id=\"1e94fc6\" data-element_type=\"widget\" data-e-type=\"widget\" data-widget_type=\"theme-post-title.default\">\n\t\t\t\t<div class=\"elementor-widget-container\">\n\t\t\t\t\t<h3 class=\"elementor-heading-title elementor-size-default\">Cia Los Herrerita<\/h3>\t\t\t\t<\/div>\n\t\t\t\t<\/div>\n\t\t\t\t<div class=\"elementor-element elementor-element-1cf5f38 titolcaroussel elementor-widget elementor-widget-heading\" data-id=\"1cf5f38\" data-element_type=\"widget\" data-e-type=\"widget\" data-widget_type=\"heading.default\">\n\t\t\t\t<div class=\"elementor-widget-container\">\n\t\t\t\t\t<p class=\"elementor-heading-title elementor-size-default\">Taller de circ<\/p>\t\t\t\t<\/div>\n\t\t\t\t<\/div>\n\t\t\t\t<div class=\"elementor-element elementor-element-ebe31c0 elementor-widget elementor-widget-heading\" data-id=\"ebe31c0\" data-element_type=\"widget\" data-e-type=\"widget\" data-widget_type=\"heading.default\">\n\t\t\t\t<div class=\"elementor-widget-container\">\n\t\t\t\t\t<p class=\"elementor-heading-title elementor-size-default\">Equilibrismos, Acrobacia a\u00e9rea, Malabares<\/p>\t\t\t\t<\/div>\n\t\t\t\t<\/div>\n\t\t\t\t<\/div>\n\t\t\t\t\t<\/div>\n\t\t\t\t<\/a>\n\t\t\t\t<\/div>\n\t\t<style id=\"loop-dynamic-9286\">.e-loop-item-11310 .elementor-element.elementor-element-9b078cf:not(.elementor-motion-effects-element-type-background), .e-loop-item-11310 .elementor-element.elementor-element-9b078cf > .elementor-motion-effects-container > .elementor-motion-effects-layer{background-image:url(\"https:\/\/firadecirc.org\/wp-content\/uploads\/2025\/05\/Trampoline_2000_Cadires.jpg\");}<\/style>\t\t<div data-elementor-type=\"loop-item\" data-elementor-id=\"9286\" class=\"elementor elementor-9286 swiper-slide e-loop-item e-loop-item-11310 post-11310 artista type-artista status-publish has-post-thumbnail hentry artista-2-funcions-trampoline-2000 taller-circ-trampoline-2000\" data-elementor-post-type=\"elementor_library\" role=\"group\" aria-roledescription=\"slide\" data-custom-edit-handle=\"1\">\n\t\t\t<a class=\"elementor-element elementor-element-9b078cf allcaroussel e-flex e-con-boxed e-con e-parent\" data-id=\"9b078cf\" data-element_type=\"container\" data-e-type=\"container\" data-settings=\"{&quot;background_background&quot;:&quot;classic&quot;,&quot;jet_parallax_layout_list&quot;:[],&quot;background_motion_fx_motion_fx_scrolling&quot;:&quot;yes&quot;,&quot;background_motion_fx_devices&quot;:[&quot;desktop&quot;,&quot;tablet&quot;,&quot;mobile&quot;]}\" href=\"https:\/\/firadecirc.org\/es\/artista\/trampoline-2000\/\">\n\t\t\t\t\t<div class=\"e-con-inner\">\n\t\t<div class=\"elementor-element elementor-element-6322fda e-con-full e-flex e-con e-child\" data-id=\"6322fda\" data-element_type=\"container\" data-e-type=\"container\" data-settings=\"{&quot;jet_parallax_layout_list&quot;:[]}\">\n\t\t<!-- hidden widget 11310-27a6ec6 -->\t\t<\/div>\n\t\t<div class=\"elementor-element elementor-element-ed09515 e-con-full e-flex e-con e-child\" data-id=\"ed09515\" data-element_type=\"container\" data-e-type=\"container\" data-settings=\"{&quot;jet_parallax_layout_list&quot;:[]}\">\n\t\t\t\t<div class=\"elementor-element elementor-element-1e94fc6 elementor-widget elementor-widget-theme-post-title elementor-page-title elementor-widget-heading\" data-id=\"1e94fc6\" data-element_type=\"widget\" data-e-type=\"widget\" data-widget_type=\"theme-post-title.default\">\n\t\t\t\t<div class=\"elementor-widget-container\">\n\t\t\t\t\t<h3 class=\"elementor-heading-title elementor-size-default\">Trampoline 2000<\/h3>\t\t\t\t<\/div>\n\t\t\t\t<\/div>\n\t\t\t\t<div class=\"elementor-element elementor-element-1cf5f38 titolcaroussel elementor-widget elementor-widget-heading\" data-id=\"1cf5f38\" data-element_type=\"widget\" data-e-type=\"widget\" data-widget_type=\"heading.default\">\n\t\t\t\t<div class=\"elementor-widget-container\">\n\t\t\t\t\t<p class=\"elementor-heading-title elementor-size-default\">Taller de cadires<\/p>\t\t\t\t<\/div>\n\t\t\t\t<\/div>\n\t\t\t\t<div class=\"elementor-element elementor-element-ebe31c0 elementor-widget elementor-widget-heading\" data-id=\"ebe31c0\" data-element_type=\"widget\" data-e-type=\"widget\" data-widget_type=\"heading.default\">\n\t\t\t\t<div class=\"elementor-widget-container\">\n\t\t\t\t\t<p class=\"elementor-heading-title elementor-size-default\">Taller, Danza contempor\u00e1nea<\/p>\t\t\t\t<\/div>\n\t\t\t\t<\/div>\n\t\t\t\t<\/div>\n\t\t\t\t\t<\/div>\n\t\t\t\t<\/a>\n\t\t\t\t<\/div>\n\t\t\t\t<\/div>\n\t\t<\/div>\n\t\t\t\t\t<div class=\"elementor-swiper-button elementor-swiper-button-prev\" role=\"button\" tabindex=\"0\" aria-label=\"Anterior\">\n\t\t\t\t<i aria-hidden=\"true\" class=\"eicon-chevron-left\"><\/i>\t\t\t<\/div>\n\t\t\t<div class=\"elementor-swiper-button elementor-swiper-button-next\" role=\"button\" tabindex=\"0\" aria-label=\"Siguiente\">\n\t\t\t\t<i aria-hidden=\"true\" class=\"eicon-chevron-right\"><\/i>\t\t\t<\/div>\n\t\t\t\t\t\t<\/div>\n\t\t\t\t<\/div>\n\t\t\t\t\t<\/div>\n\t\t\t\t<\/div>\n\t\t\t\t<\/div>\n\t\t","protected":false},"excerpt":{"rendered":"<p>Escuela de Circo Fue el a\u00f1o 2010 cuando la Feria de Circo en la Calle de la Bisbal de Empord\u00e0 empez\u00f3 el proyecto Fem Circ para promover la formaci\u00f3n circense. Fue la primera piedra para forjar una Escuela de Circo que trabaja para potenciar y motivar la pr\u00e1ctica del circo en diferentes sectores de la [&hellip;]<\/p>\n","protected":false},"author":1,"featured_media":0,"parent":0,"menu_order":0,"comment_status":"closed","ping_status":"closed","template":"elementor_header_footer","meta":{"inline_featured_image":false,"footnotes":""},"class_list":["post-6945","page","type-page","status-publish","hentry"],"yoast_head":"<!-- This site is optimized with the Yoast SEO plugin v27.3 - https:\/\/yoast.com\/product\/yoast-seo-wordpress\/ -->\n<title>Escuela de Circo - Fira de Circ<\/title>\n<meta name=\"robots\" content=\"index, follow, max-snippet:-1, max-image-preview:large, max-video-preview:-1\" \/>\n<link rel=\"canonical\" href=\"https:\/\/firadecirc.org\/es\/escuela-de-circo\/\" \/>\n<meta property=\"og:locale\" content=\"es_ES\" \/>\n<meta property=\"og:type\" content=\"article\" \/>\n<meta property=\"og:title\" content=\"Escuela de Circo - Fira de Circ\" \/>\n<meta property=\"og:description\" content=\"Escuela de Circo Fue el a\u00f1o 2010 cuando la Feria de Circo en la Calle de la Bisbal de Empord\u00e0 empez\u00f3 el proyecto Fem Circ para promover la formaci\u00f3n circense. Fue la primera piedra para forjar una Escuela de Circo que trabaja para potenciar y motivar la pr\u00e1ctica del circo en diferentes sectores de la [&hellip;]\" \/>\n<meta property=\"og:url\" content=\"https:\/\/firadecirc.org\/es\/escuela-de-circo\/\" \/>\n<meta property=\"og:site_name\" content=\"Fira de Circ\" \/>\n<meta property=\"article:modified_time\" content=\"2025-06-26T14:40:19+00:00\" \/>\n<meta property=\"og:image\" content=\"https:\/\/firadecirc.org\/wp-content\/uploads\/2025\/06\/img-escola-circ-gris.png\" \/>\n\t<meta property=\"og:image:width\" content=\"276\" \/>\n\t<meta property=\"og:image:height\" content=\"470\" \/>\n\t<meta property=\"og:image:type\" content=\"image\/png\" \/>\n<meta name=\"twitter:card\" content=\"summary_large_image\" \/>\n<meta name=\"twitter:label1\" content=\"Tiempo de lectura\" \/>\n\t<meta name=\"twitter:data1\" content=\"1 minuto\" \/>\n<script type=\"application\/ld+json\" class=\"yoast-schema-graph\">{\"@context\":\"https:\\\/\\\/schema.org\",\"@graph\":[{\"@type\":\"WebPage\",\"@id\":\"https:\\\/\\\/firadecirc.org\\\/es\\\/escuela-de-circo\\\/\",\"url\":\"https:\\\/\\\/firadecirc.org\\\/es\\\/escuela-de-circo\\\/\",\"name\":\"Escuela de Circo - Fira de Circ\",\"isPartOf\":{\"@id\":\"https:\\\/\\\/firadecirc.org\\\/es\\\/#website\"},\"primaryImageOfPage\":{\"@id\":\"https:\\\/\\\/firadecirc.org\\\/es\\\/escuela-de-circo\\\/#primaryimage\"},\"image\":{\"@id\":\"https:\\\/\\\/firadecirc.org\\\/es\\\/escuela-de-circo\\\/#primaryimage\"},\"thumbnailUrl\":\"https:\\\/\\\/firadecirc.org\\\/wp-content\\\/uploads\\\/2025\\\/06\\\/img-escola-circ-gris.png\",\"datePublished\":\"2023-05-16T09:08:37+00:00\",\"dateModified\":\"2025-06-26T14:40:19+00:00\",\"breadcrumb\":{\"@id\":\"https:\\\/\\\/firadecirc.org\\\/es\\\/escuela-de-circo\\\/#breadcrumb\"},\"inLanguage\":\"es\",\"potentialAction\":[{\"@type\":\"ReadAction\",\"target\":[\"https:\\\/\\\/firadecirc.org\\\/es\\\/escuela-de-circo\\\/\"]}]},{\"@type\":\"ImageObject\",\"inLanguage\":\"es\",\"@id\":\"https:\\\/\\\/firadecirc.org\\\/es\\\/escuela-de-circo\\\/#primaryimage\",\"url\":\"https:\\\/\\\/firadecirc.org\\\/wp-content\\\/uploads\\\/2025\\\/06\\\/img-escola-circ-gris.png\",\"contentUrl\":\"https:\\\/\\\/firadecirc.org\\\/wp-content\\\/uploads\\\/2025\\\/06\\\/img-escola-circ-gris.png\"},{\"@type\":\"BreadcrumbList\",\"@id\":\"https:\\\/\\\/firadecirc.org\\\/es\\\/escuela-de-circo\\\/#breadcrumb\",\"itemListElement\":[{\"@type\":\"ListItem\",\"position\":1,\"name\":\"Inicio\",\"item\":\"https:\\\/\\\/firadecirc.org\\\/es\\\/\"},{\"@type\":\"ListItem\",\"position\":2,\"name\":\"Escuela de Circo\"}]},{\"@type\":\"WebSite\",\"@id\":\"https:\\\/\\\/firadecirc.org\\\/es\\\/#website\",\"url\":\"https:\\\/\\\/firadecirc.org\\\/es\\\/\",\"name\":\"Fira de Circ\",\"description\":\"Fira del Circ al Carrer de la Bisbal d&#039;Empord\u00e0\",\"potentialAction\":[{\"@type\":\"SearchAction\",\"target\":{\"@type\":\"EntryPoint\",\"urlTemplate\":\"https:\\\/\\\/firadecirc.org\\\/es\\\/?s={search_term_string}\"},\"query-input\":{\"@type\":\"PropertyValueSpecification\",\"valueRequired\":true,\"valueName\":\"search_term_string\"}}],\"inLanguage\":\"es\"}]}<\/script>\n<!-- \/ Yoast SEO plugin. -->","yoast_head_json":{"title":"Escuela de Circo - Fira de Circ","robots":{"index":"index","follow":"follow","max-snippet":"max-snippet:-1","max-image-preview":"max-image-preview:large","max-video-preview":"max-video-preview:-1"},"canonical":"https:\/\/firadecirc.org\/es\/escuela-de-circo\/","og_locale":"es_ES","og_type":"article","og_title":"Escuela de Circo - Fira de Circ","og_description":"Escuela de Circo Fue el a\u00f1o 2010 cuando la Feria de Circo en la Calle de la Bisbal de Empord\u00e0 empez\u00f3 el proyecto Fem Circ para promover la formaci\u00f3n circense. Fue la primera piedra para forjar una Escuela de Circo que trabaja para potenciar y motivar la pr\u00e1ctica del circo en diferentes sectores de la [&hellip;]","og_url":"https:\/\/firadecirc.org\/es\/escuela-de-circo\/","og_site_name":"Fira de Circ","article_modified_time":"2025-06-26T14:40:19+00:00","og_image":[{"width":276,"height":470,"url":"https:\/\/firadecirc.org\/wp-content\/uploads\/2025\/06\/img-escola-circ-gris.png","type":"image\/png"}],"twitter_card":"summary_large_image","twitter_misc":{"Tiempo de lectura":"1 minuto"},"schema":{"@context":"https:\/\/schema.org","@graph":[{"@type":"WebPage","@id":"https:\/\/firadecirc.org\/es\/escuela-de-circo\/","url":"https:\/\/firadecirc.org\/es\/escuela-de-circo\/","name":"Escuela de Circo - Fira de Circ","isPartOf":{"@id":"https:\/\/firadecirc.org\/es\/#website"},"primaryImageOfPage":{"@id":"https:\/\/firadecirc.org\/es\/escuela-de-circo\/#primaryimage"},"image":{"@id":"https:\/\/firadecirc.org\/es\/escuela-de-circo\/#primaryimage"},"thumbnailUrl":"https:\/\/firadecirc.org\/wp-content\/uploads\/2025\/06\/img-escola-circ-gris.png","datePublished":"2023-05-16T09:08:37+00:00","dateModified":"2025-06-26T14:40:19+00:00","breadcrumb":{"@id":"https:\/\/firadecirc.org\/es\/escuela-de-circo\/#breadcrumb"},"inLanguage":"es","potentialAction":[{"@type":"ReadAction","target":["https:\/\/firadecirc.org\/es\/escuela-de-circo\/"]}]},{"@type":"ImageObject","inLanguage":"es","@id":"https:\/\/firadecirc.org\/es\/escuela-de-circo\/#primaryimage","url":"https:\/\/firadecirc.org\/wp-content\/uploads\/2025\/06\/img-escola-circ-gris.png","contentUrl":"https:\/\/firadecirc.org\/wp-content\/uploads\/2025\/06\/img-escola-circ-gris.png"},{"@type":"BreadcrumbList","@id":"https:\/\/firadecirc.org\/es\/escuela-de-circo\/#breadcrumb","itemListElement":[{"@type":"ListItem","position":1,"name":"Inicio","item":"https:\/\/firadecirc.org\/es\/"},{"@type":"ListItem","position":2,"name":"Escuela de Circo"}]},{"@type":"WebSite","@id":"https:\/\/firadecirc.org\/es\/#website","url":"https:\/\/firadecirc.org\/es\/","name":"Fira de Circ","description":"Fira del Circ al Carrer de la Bisbal d&#039;Empord\u00e0","potentialAction":[{"@type":"SearchAction","target":{"@type":"EntryPoint","urlTemplate":"https:\/\/firadecirc.org\/es\/?s={search_term_string}"},"query-input":{"@type":"PropertyValueSpecification","valueRequired":true,"valueName":"search_term_string"}}],"inLanguage":"es"}]}},"_links":{"self":[{"href":"https:\/\/firadecirc.org\/es\/wp-json\/wp\/v2\/pages\/6945","targetHints":{"allow":["GET"]}}],"collection":[{"href":"https:\/\/firadecirc.org\/es\/wp-json\/wp\/v2\/pages"}],"about":[{"href":"https:\/\/firadecirc.org\/es\/wp-json\/wp\/v2\/types\/page"}],"author":[{"embeddable":true,"href":"https:\/\/firadecirc.org\/es\/wp-json\/wp\/v2\/users\/1"}],"replies":[{"embeddable":true,"href":"https:\/\/firadecirc.org\/es\/wp-json\/wp\/v2\/comments?post=6945"}],"version-history":[{"count":3,"href":"https:\/\/firadecirc.org\/es\/wp-json\/wp\/v2\/pages\/6945\/revisions"}],"predecessor-version":[{"id":11275,"href":"https:\/\/firadecirc.org\/es\/wp-json\/wp\/v2\/pages\/6945\/revisions\/11275"}],"wp:attachment":[{"href":"https:\/\/firadecirc.org\/es\/wp-json\/wp\/v2\/media?parent=6945"}],"curies":[{"name":"wp","href":"https:\/\/api.w.org\/{rel}","templated":true}]}}