{"id":6797,"date":"2023-05-15T10:47:26","date_gmt":"2023-05-15T10:47:26","guid":{"rendered":"https:\/\/firadecirc.org\/compra-de-entradas\/"},"modified":"2025-06-29T11:26:36","modified_gmt":"2025-06-29T11:26:36","slug":"compra-de-entradas","status":"publish","type":"page","link":"https:\/\/firadecirc.org\/es\/compra-de-entradas\/","title":{"rendered":"Entradas"},"content":{"rendered":"\t\t<div data-elementor-type=\"wp-page\" data-elementor-id=\"6797\" class=\"elementor elementor-6797 elementor-4917\" data-elementor-post-type=\"page\">\n\t\t\t\t<div class=\"elementor-element elementor-element-80187fa e-con-full e-flex e-con e-parent\" data-id=\"80187fa\" data-element_type=\"container\" data-e-type=\"container\" data-settings=\"{&quot;jet_parallax_layout_list&quot;:[]}\">\n\t\t\t\t<div class=\"elementor-element elementor-element-a39ac51 elementor-widget elementor-widget-heading\" data-id=\"a39ac51\" data-element_type=\"widget\" data-e-type=\"widget\" data-widget_type=\"heading.default\">\n\t\t\t\t<div class=\"elementor-widget-container\">\n\t\t\t\t\t<h2 class=\"elementor-heading-title elementor-size-default\">Entradas<\/h2>\t\t\t\t<\/div>\n\t\t\t\t<\/div>\n\t\t\t\t<div class=\"elementor-element elementor-element-483b00b elementor-widget elementor-widget-toolset-view\" data-id=\"483b00b\" data-element_type=\"widget\" data-e-type=\"widget\" data-widget_type=\"toolset-view.default\">\n\t\t\t\t<div class=\"elementor-widget-container\">\n\t\t\t\t\t<form autocomplete=\"off\" name=\"wpv-filter-4920\" action=\"\/es\/wp-json\/wp\/v2\/pages\/6797?wpv_view_count=4920\" method=\"get\" class=\"wpv-filter-form js-wpv-filter-form js-wpv-filter-form-4920 js-wpv-form-full\" data-viewnumber=\"4920\" data-viewid=\"4920\" data-viewhash=\"eyJpZCI6NDkyMCwib3JkZXIiOiJkZWZhdWx0Iiwib3JkZXJieV9zZWNvbmQiOiJkZWZhdWx0Iiwib3JkZXJfc2Vjb25kIjoiZGVmYXVsdCJ9\" data-viewwidgetid=\"0\" data-orderby=\"\" data-order=\"\" data-orderbyas=\"\" data-orderbysecond=\"\" data-ordersecond=\"\" data-parametric=\"{&quot;query&quot;:&quot;normal&quot;,&quot;id&quot;:4920,&quot;view_id&quot;:4920,&quot;widget_id&quot;:0,&quot;view_hash&quot;:&quot;4920&quot;,&quot;action&quot;:&quot;\\\/es\\\/wp-json\\\/wp\\\/v2\\\/pages\\\/6797?wpv_view_count=4920&quot;,&quot;sort&quot;:{&quot;orderby&quot;:&quot;&quot;,&quot;order&quot;:&quot;&quot;,&quot;orderby_as&quot;:&quot;&quot;,&quot;orderby_second&quot;:&quot;&quot;,&quot;order_second&quot;:&quot;&quot;},&quot;orderby&quot;:&quot;&quot;,&quot;order&quot;:&quot;&quot;,&quot;orderby_as&quot;:&quot;&quot;,&quot;orderby_second&quot;:&quot;&quot;,&quot;order_second&quot;:&quot;&quot;,&quot;ajax_form&quot;:&quot;&quot;,&quot;ajax_results&quot;:&quot;&quot;,&quot;effect&quot;:&quot;fade&quot;,&quot;prebefore&quot;:&quot;&quot;,&quot;before&quot;:&quot;&quot;,&quot;after&quot;:&quot;&quot;,&quot;attributes&quot;:{&quot;id&quot;:4920,&quot;order&quot;:&quot;default&quot;,&quot;orderby_second&quot;:&quot;default&quot;,&quot;order_second&quot;:&quot;default&quot;},&quot;environment&quot;:{&quot;current_post_id&quot;:6797,&quot;parent_post_id&quot;:6797,&quot;parent_term_id&quot;:0,&quot;parent_user_id&quot;:0,&quot;archive&quot;:{&quot;type&quot;:&quot;&quot;,&quot;name&quot;:&quot;&quot;,&quot;data&quot;:[]}},&quot;loop&quot;:{&quot;type&quot;:&quot;&quot;,&quot;name&quot;:&quot;&quot;,&quot;data&quot;:[],&quot;id&quot;:0}}\" data-attributes=\"{&quot;id&quot;:4920,&quot;order&quot;:&quot;default&quot;,&quot;orderby_second&quot;:&quot;default&quot;,&quot;order_second&quot;:&quot;default&quot;}\" data-environment=\"{&quot;current_post_id&quot;:6797,&quot;parent_post_id&quot;:6797,&quot;parent_term_id&quot;:0,&quot;parent_user_id&quot;:0,&quot;archive&quot;:{&quot;type&quot;:&quot;&quot;,&quot;name&quot;:&quot;&quot;,&quot;data&quot;:[]}}\"><input type=\"hidden\" class=\"js-wpv-dps-filter-data js-wpv-filter-data-for-this-form\" data-action=\"\/es\/wp-json\/wp\/v2\/pages\/6797?wpv_view_count=4920\" data-page=\"1\" data-ajax=\"disable\" data-effect=\"fade\" data-maxpages=\"0\" data-ajaxprebefore=\"\" data-ajaxbefore=\"\" data-ajaxafter=\"\" \/><input class=\"wpv_view_count wpv_view_count-4920\" type=\"hidden\" name=\"wpv_view_count\" value=\"4920\" \/>\n\n<\/form>\n<div id=\"wpv-view-layout-4920\" class=\"js-wpv-view-layout js-wpv-layout-responsive js-wpv-view-layout-4920\" data-viewnumber=\"4920\" data-pagination=\"{&quot;id&quot;:4920,&quot;query&quot;:&quot;normal&quot;,&quot;type&quot;:&quot;disabled&quot;,&quot;effect&quot;:&quot;fade&quot;,&quot;duration&quot;:500,&quot;speed&quot;:5,&quot;pause_on_hover&quot;:&quot;enabled&quot;,&quot;stop_rollover&quot;:&quot;false&quot;,&quot;cache_pages&quot;:&quot;enabled&quot;,&quot;preload_images&quot;:&quot;enabled&quot;,&quot;preload_pages&quot;:&quot;enabled&quot;,&quot;preload_reach&quot;:1,&quot;spinner&quot;:&quot;builtin&quot;,&quot;spinner_image&quot;:&quot;https:\/\/firadecirc.org\/wp-content\/plugins\/toolset-blocks\/embedded\/res\/img\/ajax-loader.gif&quot;,&quot;callback_next&quot;:&quot;&quot;,&quot;manage_history&quot;:&quot;enabled&quot;,&quot;has_controls_in_form&quot;:&quot;disabled&quot;,&quot;infinite_tolerance&quot;:&quot;0&quot;,&quot;max_pages&quot;:0,&quot;page&quot;:1,&quot;base_permalink&quot;:&quot;\/es\/wp-json\/wp\/v2\/pages\/6797?wpv_view_count=4920&amp;wpv_paged=WPV_PAGE_NUM&quot;,&quot;loop&quot;:{&quot;type&quot;:&quot;&quot;,&quot;name&quot;:&quot;&quot;,&quot;data&quot;:[],&quot;id&quot;:0}}\" data-permalink=\"\/es\/wp-json\/wp\/v2\/pages\/6797?wpv_view_count=4920\">\n\n\t\n\t\n     <div style=\"overflow-x: auto;\">\n\t\t<table width=\"100%\" class=\"tablescroll entrades\">\n     \t <tbody class=\"wpv-loop js-wpv-loop\">\n\t\t\t\n          \t\t\n\t\t\t\n          \t\t\n\t\t\t\n          \t\t\t\n\t\t\t\t\t<tr>\n\t\t\t\t\t<td>Clara Larcher<\/td>\n<td>Arak\u00e9<\/td>\n<td>18 julio<\/td>\n<td>23:15 h<\/td>\n<td>Parc 8 de mar\u00e7<\/td>\n<td>45&#8216;<\/td>\n<td class=\"linkentrada\"><a href=\"https:\/\/www.entrapolis.com\/entrades\/clara-larcher-arake\" rel=\"nofollow noreferrer noopener\" target=\"_blank\" class=\"linkcomprarentrades\">Comprar entradas<\/a><\/td>\n\n\n            \t\t<\/tr>\n           \t\t\t\n\t\t\t\n          \t\t\n\t\t\t\n          \t\t\n\t\t\t\n          \t\t\n\t\t\t\n          \t\t\n\t\t\t\n          \t\t\n\t\t\t\n          \t\t\n\t\t\t\n          \t\t\n\t\t\t\n          \t\t\n\t\t\t\n          \t\t\n\t\t\t\n          \t\t\n\t\t\t\n          \t\t\n\t\t\t\n          \t\t\t\n\t\t\t\t\t<tr>\n\t\t\t\t\t<td>Corcoles<\/td>\n<td>H<\/td>\n<td>19 julio<\/td>\n<td>18:30 h<\/td>\n<td>Parc 8 de mar\u00e7<\/td>\n<td>24&#8216;<\/td>\n<td class=\"linkentrada\"><a href=\"https:\/\/www.entrapolis.com\/entrades\/corcoles-h\" rel=\"nofollow noreferrer noopener\" target=\"_blank\" class=\"linkcomprarentrades\">Comprar entradas<\/a><\/td>\n\n\n            \t\t<\/tr>\n           \t\t\t\n\t\t\t\n          \t\t\n\t\t\t\n          \t\t\n\t\t\t\n          \t\t\n\t\t\t\n          \t\t\t\n\t\t\t\t\t<tr>\n\t\t\t\t\t<td>Guillem Alb\u00e0<\/td>\n<td>Ma Solitud<\/td>\n<td>19 julio<\/td>\n<td>19:15 h<\/td>\n<td>Escoles Velles<\/td>\n<td>25&#8216;<\/td>\n<td class=\"linkentrada\"><a href=\"https:\/\/www.entrapolis.com\/entrades\/guillem-alba-ma-solitud\" rel=\"nofollow noreferrer noopener\" target=\"_blank\" class=\"linkcomprarentrades\">Comprar entradas<\/a><\/td>\n\n\n            \t\t<\/tr>\n           \t\t\t\n\t\t\t\n          \t\t\n\t\t\t\n          \t\t\n\t\t\t\n          \t\t\t\n\t\t\t\t\t<tr>\n\t\t\t\t\t<td>Corcoles<\/td>\n<td>H<\/td>\n<td>19 julio<\/td>\n<td>20:00 h<\/td>\n<td>Parc 8 de mar\u00e7<\/td>\n<td>24&#8216;<\/td>\n<td class=\"linkentrada\"><a href=\"https:\/\/www.entrapolis.com\/entrades\/corcoles-h-parc-8-de-marc\" rel=\"nofollow noreferrer noopener\" target=\"_blank\" class=\"linkcomprarentrades\">Comprar entradas<\/a><\/td>\n\n\n            \t\t<\/tr>\n           \t\t\t\n\t\t\t\n          \t\t\n\t\t\t\n          \t\t\n\t\t\t\n          \t\t\n\t\t\t\n          \t\t\n\t\t\t\n          \t\t\t\n\t\t\t\t\t<tr>\n\t\t\t\t\t<td>Guillem Alb\u00e0<\/td>\n<td>Ma Solitud<\/td>\n<td>19 julio<\/td>\n<td>23:00 h<\/td>\n<td>Escoles Velles<\/td>\n<td>25&#8216;<\/td>\n<td class=\"linkentrada\"><a href=\"https:\/\/www.entrapolis.com\/entrades\/guillem-alba-ma-solitud-escoles-velles\" rel=\"nofollow noreferrer noopener\" target=\"_blank\" class=\"linkcomprarentrades\">Comprar entradas<\/a><\/td>\n\n\n            \t\t<\/tr>\n           \t\t\t\n\t\t\t\n          \t\t\t\n\t\t\t\t\t<tr>\n\t\t\t\t\t<td>Cabaret<\/td>\n<td>Cabaret 30 anys - Past\u00eds<\/td>\n<td>19 julio<\/td>\n<td>23:00 h<\/td>\n<td>Pla\u00e7a del Castell<\/td>\n<td>75&#8216;<\/td>\n<td class=\"linkentrada\"><a href=\"https:\/\/www.entrapolis.com\/entrades\/cabaret-cabaret-fira-placa-del-castell-17100-la-bisbal-demporda-girona\" rel=\"nofollow noreferrer noopener\" target=\"_blank\" class=\"linkcomprarentrades\">Comprar entradas<\/a><\/td>\n\n\n            \t\t<\/tr>\n           \t\t\t\n\t\t\t\n          \t\t\n\t\t\t\n          \t\t\n\t\t\t\n          \t\t\n\t\t\t\n          \t\t\n\t\t\t\n          \t\t\n\t\t\t\n          \t\t\n\t\t\t\n          \t\t\n\t\t\t\n          \t\t\t\n\t\t\t\t\t<tr>\n\t\t\t\t\t<td>Zirkozaurre<\/td>\n<td>Ardatzak<\/td>\n<td>20 julio<\/td>\n<td>17:45 h<\/td>\n<td>Parc 8 de mar\u00e7<\/td>\n<td>50&#8216;<\/td>\n<td class=\"linkentrada\"><a href=\"https:\/\/www.entrapolis.com\/entrades\/zirkozaurre-ardatzak\" rel=\"nofollow noreferrer noopener\" target=\"_blank\" class=\"linkcomprarentrades\">Comprar entradas<\/a><\/td>\n\n\n            \t\t<\/tr>\n           \t\t\t\n\t\t\t\n          \t\t\n\t\t\t\n          \t\t\n\t\t\t\n          \t\t\n\t\t\t\n          \t\t\n\t\t\t\n          \t\t\n\t\t\t\n          \t\t\n\t\t\t\n          \t\t\n\t\t\t\n          \t\t\t\n\t\t\t\t\t<tr>\n\t\t\t\t\t<td>Zirkozaurre<\/td>\n<td>Ardatzak<\/td>\n<td>20 julio<\/td>\n<td>19:45 h<\/td>\n<td>Parc 8 de mar\u00e7<\/td>\n<td>50&#8216;<\/td>\n<td class=\"linkentrada\"><a href=\"https:\/\/www.entrapolis.com\/entrades\/zirkozaurre-ardatzak-parc-8-de-marc\" rel=\"nofollow noreferrer noopener\" target=\"_blank\" class=\"linkcomprarentrades\">Comprar entradas<\/a><\/td>\n\n\n            \t\t<\/tr>\n           \t\t\t\n\t\t\t\n          \t\t\t\n\t\t\t\t\t<tr>\n\t\t\t\t\t<td>En Diciembre<\/td>\n<td>Angela<\/td>\n<td>20 julio<\/td>\n<td>19:45 h<\/td>\n<td>Escoles Velles<\/td>\n<td>50&#8216;<\/td>\n<td class=\"linkentrada\"><a href=\"https:\/\/www.entrapolis.com\/entrades\/en-diciembre-angela\" rel=\"nofollow noreferrer noopener\" target=\"_blank\" class=\"linkcomprarentrades\">Comprar entradas<\/a><\/td>\n\n\n            \t\t<\/tr>\n           \t\t\t\n\t\t\t\n          \t\t\n\t\t\t\n          \t\t\n\t\t\t\n          \t\t\n\t\t\t\n          \t\t\t\n\t\t\t\t\t<tr>\n\t\t\t\t\t<td>Zen del Sur<\/td>\n<td>Xpectro<\/td>\n<td>20 julio<\/td>\n<td>22:45 h<\/td>\n<td>Pla\u00e7a del Castell<\/td>\n<td>55&#8216;<\/td>\n<td class=\"linkentrada\"><a href=\"https:\/\/www.entrapolis.com\/entrades\/zen-del-sur-xpectro\" rel=\"nofollow noreferrer noopener\" target=\"_blank\" class=\"linkcomprarentrades\">Comprar entradas<\/a><\/td>\n\n\n            \t\t<\/tr>\n           \t\t\t\n\t\t\t\n\t\t<\/tbody>\n\t<\/table>\n<\/div>\n\t\n\t\n\t\n<\/div>\n\t\t\t\t<\/div>\n\t\t\t\t<\/div>\n\t\t\t\t<\/div>\n\t\t\t\t<\/div>\n\t\t","protected":false},"excerpt":{"rendered":"<p>Entradas Clara Larcher Arak\u00e9 18 juliol 23:15 h Parc 8 de mar\u00e7 45&#8216; Comprar entrades Corcoles H 19 juliol 18:30 h Parc 8 de mar\u00e7 24&#8216; Comprar entrades Guillem Alb\u00e0 Ma Solitud 19 juliol 19:15 h Escoles Velles 25&#8216; Comprar entrades Corcoles H 19 juliol 20:00 h Parc 8 de mar\u00e7 24&#8216; Comprar entrades Guillem [&hellip;]<\/p>\n","protected":false},"author":1,"featured_media":0,"parent":0,"menu_order":0,"comment_status":"closed","ping_status":"closed","template":"elementor_header_footer","meta":{"inline_featured_image":false,"footnotes":""},"class_list":["post-6797","page","type-page","status-publish","hentry"],"yoast_head":"<!-- This site is optimized with the Yoast SEO plugin v27.3 - https:\/\/yoast.com\/product\/yoast-seo-wordpress\/ -->\n<title>Entradas - Fira de Circ<\/title>\n<meta name=\"robots\" content=\"index, follow, max-snippet:-1, max-image-preview:large, max-video-preview:-1\" \/>\n<link rel=\"canonical\" href=\"https:\/\/firadecirc.org\/es\/compra-de-entradas\/\" \/>\n<meta property=\"og:locale\" content=\"es_ES\" \/>\n<meta property=\"og:type\" content=\"article\" \/>\n<meta property=\"og:title\" content=\"Entradas - Fira de Circ\" \/>\n<meta property=\"og:description\" content=\"Entradas Clara Larcher Arak\u00e9 18 juliol 23:15 h Parc 8 de mar\u00e7 45&#8216; Comprar entrades Corcoles H 19 juliol 18:30 h Parc 8 de mar\u00e7 24&#8216; Comprar entrades Guillem Alb\u00e0 Ma Solitud 19 juliol 19:15 h Escoles Velles 25&#8216; Comprar entrades Corcoles H 19 juliol 20:00 h Parc 8 de mar\u00e7 24&#8216; Comprar entrades Guillem [&hellip;]\" \/>\n<meta property=\"og:url\" content=\"https:\/\/firadecirc.org\/es\/compra-de-entradas\/\" \/>\n<meta property=\"og:site_name\" content=\"Fira de Circ\" \/>\n<meta property=\"article:modified_time\" content=\"2025-06-29T11:26:36+00:00\" \/>\n<meta name=\"twitter:card\" content=\"summary_large_image\" \/>\n<meta name=\"twitter:label1\" content=\"Tiempo de lectura\" \/>\n\t<meta name=\"twitter:data1\" content=\"1 minuto\" \/>\n<script type=\"application\/ld+json\" class=\"yoast-schema-graph\">{\"@context\":\"https:\\\/\\\/schema.org\",\"@graph\":[{\"@type\":\"WebPage\",\"@id\":\"https:\\\/\\\/firadecirc.org\\\/es\\\/compra-de-entradas\\\/\",\"url\":\"https:\\\/\\\/firadecirc.org\\\/es\\\/compra-de-entradas\\\/\",\"name\":\"Entradas - Fira de Circ\",\"isPartOf\":{\"@id\":\"https:\\\/\\\/firadecirc.org\\\/es\\\/#website\"},\"datePublished\":\"2023-05-15T10:47:26+00:00\",\"dateModified\":\"2025-06-29T11:26:36+00:00\",\"breadcrumb\":{\"@id\":\"https:\\\/\\\/firadecirc.org\\\/es\\\/compra-de-entradas\\\/#breadcrumb\"},\"inLanguage\":\"es\",\"potentialAction\":[{\"@type\":\"ReadAction\",\"target\":[\"https:\\\/\\\/firadecirc.org\\\/es\\\/compra-de-entradas\\\/\"]}]},{\"@type\":\"BreadcrumbList\",\"@id\":\"https:\\\/\\\/firadecirc.org\\\/es\\\/compra-de-entradas\\\/#breadcrumb\",\"itemListElement\":[{\"@type\":\"ListItem\",\"position\":1,\"name\":\"Inicio\",\"item\":\"https:\\\/\\\/firadecirc.org\\\/es\\\/\"},{\"@type\":\"ListItem\",\"position\":2,\"name\":\"Entradas\"}]},{\"@type\":\"WebSite\",\"@id\":\"https:\\\/\\\/firadecirc.org\\\/es\\\/#website\",\"url\":\"https:\\\/\\\/firadecirc.org\\\/es\\\/\",\"name\":\"Fira de Circ\",\"description\":\"Fira del Circ al Carrer de la Bisbal d&#039;Empord\u00e0\",\"potentialAction\":[{\"@type\":\"SearchAction\",\"target\":{\"@type\":\"EntryPoint\",\"urlTemplate\":\"https:\\\/\\\/firadecirc.org\\\/es\\\/?s={search_term_string}\"},\"query-input\":{\"@type\":\"PropertyValueSpecification\",\"valueRequired\":true,\"valueName\":\"search_term_string\"}}],\"inLanguage\":\"es\"}]}<\/script>\n<!-- \/ Yoast SEO plugin. -->","yoast_head_json":{"title":"Entradas - Fira de Circ","robots":{"index":"index","follow":"follow","max-snippet":"max-snippet:-1","max-image-preview":"max-image-preview:large","max-video-preview":"max-video-preview:-1"},"canonical":"https:\/\/firadecirc.org\/es\/compra-de-entradas\/","og_locale":"es_ES","og_type":"article","og_title":"Entradas - Fira de Circ","og_description":"Entradas Clara Larcher Arak\u00e9 18 juliol 23:15 h Parc 8 de mar\u00e7 45&#8216; Comprar entrades Corcoles H 19 juliol 18:30 h Parc 8 de mar\u00e7 24&#8216; Comprar entrades Guillem Alb\u00e0 Ma Solitud 19 juliol 19:15 h Escoles Velles 25&#8216; Comprar entrades Corcoles H 19 juliol 20:00 h Parc 8 de mar\u00e7 24&#8216; Comprar entrades Guillem [&hellip;]","og_url":"https:\/\/firadecirc.org\/es\/compra-de-entradas\/","og_site_name":"Fira de Circ","article_modified_time":"2025-06-29T11:26:36+00:00","twitter_card":"summary_large_image","twitter_misc":{"Tiempo de lectura":"1 minuto"},"schema":{"@context":"https:\/\/schema.org","@graph":[{"@type":"WebPage","@id":"https:\/\/firadecirc.org\/es\/compra-de-entradas\/","url":"https:\/\/firadecirc.org\/es\/compra-de-entradas\/","name":"Entradas - Fira de Circ","isPartOf":{"@id":"https:\/\/firadecirc.org\/es\/#website"},"datePublished":"2023-05-15T10:47:26+00:00","dateModified":"2025-06-29T11:26:36+00:00","breadcrumb":{"@id":"https:\/\/firadecirc.org\/es\/compra-de-entradas\/#breadcrumb"},"inLanguage":"es","potentialAction":[{"@type":"ReadAction","target":["https:\/\/firadecirc.org\/es\/compra-de-entradas\/"]}]},{"@type":"BreadcrumbList","@id":"https:\/\/firadecirc.org\/es\/compra-de-entradas\/#breadcrumb","itemListElement":[{"@type":"ListItem","position":1,"name":"Inicio","item":"https:\/\/firadecirc.org\/es\/"},{"@type":"ListItem","position":2,"name":"Entradas"}]},{"@type":"WebSite","@id":"https:\/\/firadecirc.org\/es\/#website","url":"https:\/\/firadecirc.org\/es\/","name":"Fira de Circ","description":"Fira del Circ al Carrer de la Bisbal d&#039;Empord\u00e0","potentialAction":[{"@type":"SearchAction","target":{"@type":"EntryPoint","urlTemplate":"https:\/\/firadecirc.org\/es\/?s={search_term_string}"},"query-input":{"@type":"PropertyValueSpecification","valueRequired":true,"valueName":"search_term_string"}}],"inLanguage":"es"}]}},"_links":{"self":[{"href":"https:\/\/firadecirc.org\/es\/wp-json\/wp\/v2\/pages\/6797","targetHints":{"allow":["GET"]}}],"collection":[{"href":"https:\/\/firadecirc.org\/es\/wp-json\/wp\/v2\/pages"}],"about":[{"href":"https:\/\/firadecirc.org\/es\/wp-json\/wp\/v2\/types\/page"}],"author":[{"embeddable":true,"href":"https:\/\/firadecirc.org\/es\/wp-json\/wp\/v2\/users\/1"}],"replies":[{"embeddable":true,"href":"https:\/\/firadecirc.org\/es\/wp-json\/wp\/v2\/comments?post=6797"}],"version-history":[{"count":12,"href":"https:\/\/firadecirc.org\/es\/wp-json\/wp\/v2\/pages\/6797\/revisions"}],"predecessor-version":[{"id":11384,"href":"https:\/\/firadecirc.org\/es\/wp-json\/wp\/v2\/pages\/6797\/revisions\/11384"}],"wp:attachment":[{"href":"https:\/\/firadecirc.org\/es\/wp-json\/wp\/v2\/media?parent=6797"}],"curies":[{"name":"wp","href":"https:\/\/api.w.org\/{rel}","templated":true}]}}