{"id":11363,"date":"2025-06-03T07:08:08","date_gmt":"2025-06-03T07:08:08","guid":{"rendered":"https:\/\/firadecirc.org\/sostenibilidad\/"},"modified":"2025-06-29T11:17:55","modified_gmt":"2025-06-29T11:17:55","slug":"sostenibilidad","status":"publish","type":"page","link":"https:\/\/firadecirc.org\/es\/sostenibilidad\/","title":{"rendered":"Sostenibilidad"},"content":{"rendered":"\t\t<div data-elementor-type=\"wp-page\" data-elementor-id=\"11363\" class=\"elementor elementor-11363 elementor-9978\" data-elementor-post-type=\"page\">\n\t\t\t\t<div class=\"elementor-element elementor-element-74e87ab e-con-full e-flex e-con e-parent\" data-id=\"74e87ab\" data-element_type=\"container\" data-e-type=\"container\" data-settings=\"{&quot;jet_parallax_layout_list&quot;:[]}\">\n\t\t<div class=\"elementor-element elementor-element-54d718e e-con-full e-flex e-con e-child\" data-id=\"54d718e\" data-element_type=\"container\" data-e-type=\"container\" data-settings=\"{&quot;jet_parallax_layout_list&quot;:[]}\">\n\t\t\t\t<div class=\"elementor-element elementor-element-ea9fd79 elementor-widget elementor-widget-heading\" data-id=\"ea9fd79\" data-element_type=\"widget\" data-e-type=\"widget\" data-widget_type=\"heading.default\">\n\t\t\t\t<div class=\"elementor-widget-container\">\n\t\t\t\t\t<h1 class=\"elementor-heading-title elementor-size-default\"> Sostenibilidad<\/h1>\t\t\t\t<\/div>\n\t\t\t\t<\/div>\n\t\t\t\t<div class=\"elementor-element elementor-element-3479083 elementor-widget__width-inherit elementor-widget elementor-widget-text-editor\" data-id=\"3479083\" data-element_type=\"widget\" data-e-type=\"widget\" data-widget_type=\"text-editor.default\">\n\t\t\t\t<div class=\"elementor-widget-container\">\n\t\t\t\t\t\t\t\t\t<p>Con la mirada siempre puesta en hacer un mundo sostenible, la Fira de Circ al Carrer de la Bisbal cada a\u00f1o incrementa sus acciones para reducir al m\u00e1ximo el residuo y su huella ecol\u00f3gica. Una de las l\u00edneas es la firme apuesta por el talento local: m\u00e1s de la mitad de las compa\u00f1\u00edas son catalanas, lo que hace m\u00e1s sostenible su propuesta. Asimismo, se apuesta por colaborar con otros festivales para que la compa\u00f1\u00eda programada, especialmente las que vienen de fuera, puedan tener alguna otra opci\u00f3n de ser programadas adicionalmente y, as\u00ed, aprovechando mejor el esfuerzo de desplazamiento.<\/p>\n<p>Otros aspectos que hacen de la Fira de Circ al Carrer una propuesta m\u00e1s sostenible son los vasos reutilizables, para seguir caminando hacia una Fira libre de vasos de pl\u00e1stico de un solo uso.<\/p>\n\t\t\t\t\t\t\t\t<\/div>\n\t\t\t\t<\/div>\n\t\t\t\t<\/div>\n\t\t\t\t<\/div>\n\t\t\t\t<\/div>\n\t\t","protected":false},"excerpt":{"rendered":"<p>Sostenibilidad Con la mirada siempre puesta en hacer un mundo sostenible, la Fira de Circ al Carrer de la Bisbal cada a\u00f1o incrementa sus acciones para reducir al m\u00e1ximo el residuo y su huella ecol\u00f3gica. Una de las l\u00edneas es la firme apuesta por el talento local: m\u00e1s de la mitad de las compa\u00f1\u00edas son [&hellip;]<\/p>\n","protected":false},"author":1,"featured_media":0,"parent":0,"menu_order":0,"comment_status":"closed","ping_status":"closed","template":"elementor_header_footer","meta":{"inline_featured_image":false,"footnotes":""},"class_list":["post-11363","page","type-page","status-publish","hentry"],"yoast_head":"<!-- This site is optimized with the Yoast SEO plugin v27.3 - https:\/\/yoast.com\/product\/yoast-seo-wordpress\/ -->\n<title>Sostenibilidad - Fira de Circ<\/title>\n<meta name=\"robots\" content=\"index, follow, max-snippet:-1, max-image-preview:large, max-video-preview:-1\" \/>\n<link rel=\"canonical\" href=\"https:\/\/firadecirc.org\/es\/sostenibilidad\/\" \/>\n<meta property=\"og:locale\" content=\"es_ES\" \/>\n<meta property=\"og:type\" content=\"article\" \/>\n<meta property=\"og:title\" content=\"Sostenibilidad - Fira de Circ\" \/>\n<meta property=\"og:description\" content=\"Sostenibilidad Con la mirada siempre puesta en hacer un mundo sostenible, la Fira de Circ al Carrer de la Bisbal cada a\u00f1o incrementa sus acciones para reducir al m\u00e1ximo el residuo y su huella ecol\u00f3gica. Una de las l\u00edneas es la firme apuesta por el talento local: m\u00e1s de la mitad de las compa\u00f1\u00edas son [&hellip;]\" \/>\n<meta property=\"og:url\" content=\"https:\/\/firadecirc.org\/es\/sostenibilidad\/\" \/>\n<meta property=\"og:site_name\" content=\"Fira de Circ\" \/>\n<meta property=\"article:modified_time\" content=\"2025-06-29T11:17:55+00:00\" \/>\n<meta name=\"twitter:card\" content=\"summary_large_image\" \/>\n<meta name=\"twitter:label1\" content=\"Tiempo de lectura\" \/>\n\t<meta name=\"twitter:data1\" content=\"1 minuto\" \/>\n<script type=\"application\/ld+json\" class=\"yoast-schema-graph\">{\"@context\":\"https:\\\/\\\/schema.org\",\"@graph\":[{\"@type\":\"WebPage\",\"@id\":\"https:\\\/\\\/firadecirc.org\\\/es\\\/sostenibilidad\\\/\",\"url\":\"https:\\\/\\\/firadecirc.org\\\/es\\\/sostenibilidad\\\/\",\"name\":\"Sostenibilidad - Fira de Circ\",\"isPartOf\":{\"@id\":\"https:\\\/\\\/firadecirc.org\\\/es\\\/#website\"},\"datePublished\":\"2025-06-03T07:08:08+00:00\",\"dateModified\":\"2025-06-29T11:17:55+00:00\",\"breadcrumb\":{\"@id\":\"https:\\\/\\\/firadecirc.org\\\/es\\\/sostenibilidad\\\/#breadcrumb\"},\"inLanguage\":\"es\",\"potentialAction\":[{\"@type\":\"ReadAction\",\"target\":[\"https:\\\/\\\/firadecirc.org\\\/es\\\/sostenibilidad\\\/\"]}]},{\"@type\":\"BreadcrumbList\",\"@id\":\"https:\\\/\\\/firadecirc.org\\\/es\\\/sostenibilidad\\\/#breadcrumb\",\"itemListElement\":[{\"@type\":\"ListItem\",\"position\":1,\"name\":\"Inicio\",\"item\":\"https:\\\/\\\/firadecirc.org\\\/es\\\/\"},{\"@type\":\"ListItem\",\"position\":2,\"name\":\"Sostenibilidad\"}]},{\"@type\":\"WebSite\",\"@id\":\"https:\\\/\\\/firadecirc.org\\\/es\\\/#website\",\"url\":\"https:\\\/\\\/firadecirc.org\\\/es\\\/\",\"name\":\"Fira de Circ\",\"description\":\"Fira del Circ al Carrer de la Bisbal d&#039;Empord\u00e0\",\"potentialAction\":[{\"@type\":\"SearchAction\",\"target\":{\"@type\":\"EntryPoint\",\"urlTemplate\":\"https:\\\/\\\/firadecirc.org\\\/es\\\/?s={search_term_string}\"},\"query-input\":{\"@type\":\"PropertyValueSpecification\",\"valueRequired\":true,\"valueName\":\"search_term_string\"}}],\"inLanguage\":\"es\"}]}<\/script>\n<!-- \/ Yoast SEO plugin. -->","yoast_head_json":{"title":"Sostenibilidad - Fira de Circ","robots":{"index":"index","follow":"follow","max-snippet":"max-snippet:-1","max-image-preview":"max-image-preview:large","max-video-preview":"max-video-preview:-1"},"canonical":"https:\/\/firadecirc.org\/es\/sostenibilidad\/","og_locale":"es_ES","og_type":"article","og_title":"Sostenibilidad - Fira de Circ","og_description":"Sostenibilidad Con la mirada siempre puesta en hacer un mundo sostenible, la Fira de Circ al Carrer de la Bisbal cada a\u00f1o incrementa sus acciones para reducir al m\u00e1ximo el residuo y su huella ecol\u00f3gica. Una de las l\u00edneas es la firme apuesta por el talento local: m\u00e1s de la mitad de las compa\u00f1\u00edas son [&hellip;]","og_url":"https:\/\/firadecirc.org\/es\/sostenibilidad\/","og_site_name":"Fira de Circ","article_modified_time":"2025-06-29T11:17:55+00:00","twitter_card":"summary_large_image","twitter_misc":{"Tiempo de lectura":"1 minuto"},"schema":{"@context":"https:\/\/schema.org","@graph":[{"@type":"WebPage","@id":"https:\/\/firadecirc.org\/es\/sostenibilidad\/","url":"https:\/\/firadecirc.org\/es\/sostenibilidad\/","name":"Sostenibilidad - Fira de Circ","isPartOf":{"@id":"https:\/\/firadecirc.org\/es\/#website"},"datePublished":"2025-06-03T07:08:08+00:00","dateModified":"2025-06-29T11:17:55+00:00","breadcrumb":{"@id":"https:\/\/firadecirc.org\/es\/sostenibilidad\/#breadcrumb"},"inLanguage":"es","potentialAction":[{"@type":"ReadAction","target":["https:\/\/firadecirc.org\/es\/sostenibilidad\/"]}]},{"@type":"BreadcrumbList","@id":"https:\/\/firadecirc.org\/es\/sostenibilidad\/#breadcrumb","itemListElement":[{"@type":"ListItem","position":1,"name":"Inicio","item":"https:\/\/firadecirc.org\/es\/"},{"@type":"ListItem","position":2,"name":"Sostenibilidad"}]},{"@type":"WebSite","@id":"https:\/\/firadecirc.org\/es\/#website","url":"https:\/\/firadecirc.org\/es\/","name":"Fira de Circ","description":"Fira del Circ al Carrer de la Bisbal d&#039;Empord\u00e0","potentialAction":[{"@type":"SearchAction","target":{"@type":"EntryPoint","urlTemplate":"https:\/\/firadecirc.org\/es\/?s={search_term_string}"},"query-input":{"@type":"PropertyValueSpecification","valueRequired":true,"valueName":"search_term_string"}}],"inLanguage":"es"}]}},"_links":{"self":[{"href":"https:\/\/firadecirc.org\/es\/wp-json\/wp\/v2\/pages\/11363","targetHints":{"allow":["GET"]}}],"collection":[{"href":"https:\/\/firadecirc.org\/es\/wp-json\/wp\/v2\/pages"}],"about":[{"href":"https:\/\/firadecirc.org\/es\/wp-json\/wp\/v2\/types\/page"}],"author":[{"embeddable":true,"href":"https:\/\/firadecirc.org\/es\/wp-json\/wp\/v2\/users\/1"}],"replies":[{"embeddable":true,"href":"https:\/\/firadecirc.org\/es\/wp-json\/wp\/v2\/comments?post=11363"}],"version-history":[{"count":1,"href":"https:\/\/firadecirc.org\/es\/wp-json\/wp\/v2\/pages\/11363\/revisions"}],"predecessor-version":[{"id":11364,"href":"https:\/\/firadecirc.org\/es\/wp-json\/wp\/v2\/pages\/11363\/revisions\/11364"}],"wp:attachment":[{"href":"https:\/\/firadecirc.org\/es\/wp-json\/wp\/v2\/media?parent=11363"}],"curies":[{"name":"wp","href":"https:\/\/api.w.org\/{rel}","templated":true}]}}