{"id":11360,"date":"2025-06-03T15:43:45","date_gmt":"2025-06-03T15:43:45","guid":{"rendered":"https:\/\/firadecirc.org\/publicidad\/"},"modified":"2025-06-29T09:37:55","modified_gmt":"2025-06-29T09:37:55","slug":"publicidad","status":"publish","type":"page","link":"https:\/\/firadecirc.org\/es\/publicidad\/","title":{"rendered":"Publicidad"},"content":{"rendered":"\t\t<div data-elementor-type=\"wp-page\" data-elementor-id=\"11360\" class=\"elementor elementor-11360 elementor-10198\" data-elementor-post-type=\"page\">\n\t\t\t\t<div class=\"elementor-element elementor-element-74e87ab e-con-full e-flex e-con e-parent\" data-id=\"74e87ab\" data-element_type=\"container\" data-e-type=\"container\" data-settings=\"{&quot;jet_parallax_layout_list&quot;:[]}\">\n\t\t<div class=\"elementor-element elementor-element-54d718e e-con-full e-flex e-con e-child\" data-id=\"54d718e\" data-element_type=\"container\" data-e-type=\"container\" data-settings=\"{&quot;jet_parallax_layout_list&quot;:[]}\">\n\t\t\t\t<div class=\"elementor-element elementor-element-ea9fd79 elementor-widget elementor-widget-heading\" data-id=\"ea9fd79\" data-element_type=\"widget\" data-e-type=\"widget\" data-widget_type=\"heading.default\">\n\t\t\t\t<div class=\"elementor-widget-container\">\n\t\t\t\t\t<h1 class=\"elementor-heading-title elementor-size-default\">Publicidad<\/h1>\t\t\t\t<\/div>\n\t\t\t\t<\/div>\n\t\t\t\t<div class=\"elementor-element elementor-element-3479083 elementor-widget__width-initial elementor-widget-tablet__width-initial elementor-widget-mobile__width-inherit elementor-widget elementor-widget-text-editor\" data-id=\"3479083\" data-element_type=\"widget\" data-e-type=\"widget\" data-widget_type=\"text-editor.default\">\n\t\t\t\t<div class=\"elementor-widget-container\">\n\t\t\t\t\t\t\t\t\t<p>Miles de personas asisten cada a\u00f1o a la Fira de Circ al Carrer de la Bisbal d\u2019Empord\u00e0, que se celebra el 3r fin de semana de julio, de viernes a domingo. El evento, eminentemente popular y muy bien valorado por el p\u00fablico, est\u00e1 plenamente consolidado y goza de buen seguimiento en los medios de comunicaci\u00f3n y en las redes sociales.<\/p>\n\t\t\t\t\t\t\t\t<\/div>\n\t\t\t\t<\/div>\n\t\t<div class=\"elementor-element elementor-element-2aa2fa8 e-con-full e-flex e-con e-child\" data-id=\"2aa2fa8\" data-element_type=\"container\" data-e-type=\"container\" data-settings=\"{&quot;jet_parallax_layout_list&quot;:[]}\">\n\t\t<div class=\"elementor-element elementor-element-1eb04d9 e-con-full e-flex e-con e-child\" data-id=\"1eb04d9\" data-element_type=\"container\" data-e-type=\"container\" data-settings=\"{&quot;jet_parallax_layout_list&quot;:[],&quot;background_background&quot;:&quot;classic&quot;}\">\n\t\t\t\t<\/div>\n\t\t<div class=\"elementor-element elementor-element-63a7fe3 e-con-full e-flex e-con e-child\" data-id=\"63a7fe3\" data-element_type=\"container\" data-e-type=\"container\" data-settings=\"{&quot;jet_parallax_layout_list&quot;:[],&quot;background_background&quot;:&quot;classic&quot;}\">\n\t\t\t\t<div class=\"elementor-element elementor-element-d3d1b73 elementor-widget elementor-widget-heading\" data-id=\"d3d1b73\" data-element_type=\"widget\" data-e-type=\"widget\" data-widget_type=\"heading.default\">\n\t\t\t\t<div class=\"elementor-widget-container\">\n\t\t\t\t\t<p class=\"elementor-heading-title elementor-size-default\">\u00bfPor qu\u00e9 apostar por la Fira de Circ al carrer?<\/p>\t\t\t\t<\/div>\n\t\t\t\t<\/div>\n\t\t\t\t<\/div>\n\t\t\t\t<\/div>\n\t\t<div class=\"elementor-element elementor-element-0db1bbe e-con-full e-flex e-con e-child\" data-id=\"0db1bbe\" data-element_type=\"container\" data-e-type=\"container\" data-settings=\"{&quot;jet_parallax_layout_list&quot;:[],&quot;background_background&quot;:&quot;classic&quot;}\">\n\t\t<div class=\"elementor-element elementor-element-b54defc e-con-full elementor-hidden-mobile e-flex e-con e-child\" data-id=\"b54defc\" data-element_type=\"container\" data-e-type=\"container\" data-settings=\"{&quot;jet_parallax_layout_list&quot;:[],&quot;background_background&quot;:&quot;classic&quot;}\">\n\t\t\t\t<\/div>\n\t\t<div class=\"elementor-element elementor-element-9f8b7a4 e-con-full e-flex e-con e-child\" data-id=\"9f8b7a4\" data-element_type=\"container\" data-e-type=\"container\" data-settings=\"{&quot;jet_parallax_layout_list&quot;:[],&quot;background_background&quot;:&quot;classic&quot;}\">\n\t\t\t\t<div class=\"elementor-element elementor-element-d5e472b elementor-widget__width-inherit elementor-widget elementor-widget-text-editor\" data-id=\"d5e472b\" data-element_type=\"widget\" data-e-type=\"widget\" data-widget_type=\"text-editor.default\">\n\t\t\t\t<div class=\"elementor-widget-container\">\n\t\t\t\t\t\t\t\t\t<p>Con una asistencia aproximada de 32.000 espectadores en la pasada edici\u00f3n, y con una clara tendencia a incrementar este n\u00famero en el 2025, debido a la alta valoraci\u00f3n 8,98 sobre 10 (f. Baldrick &amp; Munitz), la FCC se encuentra en la necesidad de aumentar su infraestructura, mejorando sus espacios para acoger espacios escenarios donde unos y otros se vean favorecidos.<\/p>\n<p><strong>Apostar por la FCC significa:<\/strong><\/p>\n<ul>\n<li>Asociar la marca a los valores de la FCC: cultura, circo, calidad, prestigio, reconocimiento, popularidad.<\/li>\n<li>Asociarse con un proyecto que trabaja en la construcci\u00f3n de la cultura del pa\u00eds y la trans. de marketing promocional y experiencial.<\/li>\n<li>Alineaci\u00f3n de la marca con un evento de alto reconocimiento nacional (Premio nacional de Cultura en 2012).<\/li>\n<li>Colaborar con la dinamizaci\u00f3n econ\u00f3mica y sociocultural del territorio cercano.<\/li>\n<\/ul>\n<div> <\/medio> de Noticias, La Vanguardia, el Peri\u00f3dico de Catalu\u00f1a, Avui, Punt Diari, Diari de Girona&#8230;) hacen m\u00e1s eco de la FCC de la Bisbal porque es un evento totalmente consolidado.<\/p>\n\t\t\t\t\t\t\t\t<\/div>\n\t\t\t\t<\/div>\n\t\t\t\t<div class=\"elementor-element elementor-element-3a63b9b elementor-widget elementor-widget-button\" data-id=\"3a63b9b\" data-element_type=\"widget\" data-e-type=\"widget\" data-widget_type=\"button.default\">\n\t\t\t\t<div class=\"elementor-widget-container\">\n\t\t\t\t\t\t\t\t\t<div class=\"elementor-button-wrapper\">\n\t\t\t\t\t<a class=\"elementor-button elementor-button-link elementor-size-sm\" href=\"https:\/\/firadecirc.org\/es\/contactar\/publicidad\/\">\n\t\t\t\t\t\t<span class=\"elementor-button-content-wrapper\">\n\t\t\t\t\t\t\t\t\t<span class=\"elementor-button-text\">Cont\u00e1ctanos<\/span>\n\t\t\t\t\t<\/span>\n\t\t\t\t\t<\/a>\n\t\t\t\t<\/div>\n\t\t\t\t\t\t\t\t<\/div>\n\t\t\t\t<\/div>\n\t\t\t\t<\/div>\n\t\t\t\t<\/div>\n\t\t\t\t<\/div>\n\t\t\t\t<\/div>\n\t\t\t\t<\/div>\n\t\t","protected":false},"excerpt":{"rendered":"<p>Publicidad Miles de personas asisten cada a\u00f1o a la Fira de Circ al Carrer de la Bisbal d\u2019Empord\u00e0, que se celebra el 3r fin de semana de julio, de viernes a domingo. El evento, eminentemente popular y muy bien valorado por el p\u00fablico, est\u00e1 plenamente consolidado y goza de buen seguimiento en los medios de [&hellip;]<\/p>\n","protected":false},"author":1,"featured_media":0,"parent":0,"menu_order":0,"comment_status":"closed","ping_status":"closed","template":"elementor_header_footer","meta":{"inline_featured_image":false,"footnotes":""},"class_list":["post-11360","page","type-page","status-publish","hentry"],"yoast_head":"<!-- This site is optimized with the Yoast SEO plugin v27.3 - https:\/\/yoast.com\/product\/yoast-seo-wordpress\/ -->\n<title>Publicidad - Fira de Circ<\/title>\n<meta name=\"robots\" content=\"index, follow, max-snippet:-1, max-image-preview:large, max-video-preview:-1\" \/>\n<link rel=\"canonical\" href=\"https:\/\/firadecirc.org\/es\/publicidad\/\" \/>\n<meta property=\"og:locale\" content=\"es_ES\" \/>\n<meta property=\"og:type\" content=\"article\" \/>\n<meta property=\"og:title\" content=\"Publicidad - Fira de Circ\" \/>\n<meta property=\"og:description\" content=\"Publicidad Miles de personas asisten cada a\u00f1o a la Fira de Circ al Carrer de la Bisbal d\u2019Empord\u00e0, que se celebra el 3r fin de semana de julio, de viernes a domingo. El evento, eminentemente popular y muy bien valorado por el p\u00fablico, est\u00e1 plenamente consolidado y goza de buen seguimiento en los medios de [&hellip;]\" \/>\n<meta property=\"og:url\" content=\"https:\/\/firadecirc.org\/es\/publicidad\/\" \/>\n<meta property=\"og:site_name\" content=\"Fira de Circ\" \/>\n<meta property=\"article:modified_time\" content=\"2025-06-29T09:37:55+00:00\" \/>\n<meta name=\"twitter:card\" content=\"summary_large_image\" \/>\n<meta name=\"twitter:label1\" content=\"Tiempo de lectura\" \/>\n\t<meta name=\"twitter:data1\" content=\"1 minuto\" \/>\n<script type=\"application\/ld+json\" class=\"yoast-schema-graph\">{\"@context\":\"https:\\\/\\\/schema.org\",\"@graph\":[{\"@type\":\"WebPage\",\"@id\":\"https:\\\/\\\/firadecirc.org\\\/es\\\/publicidad\\\/\",\"url\":\"https:\\\/\\\/firadecirc.org\\\/es\\\/publicidad\\\/\",\"name\":\"Publicidad - Fira de Circ\",\"isPartOf\":{\"@id\":\"https:\\\/\\\/firadecirc.org\\\/es\\\/#website\"},\"datePublished\":\"2025-06-03T15:43:45+00:00\",\"dateModified\":\"2025-06-29T09:37:55+00:00\",\"breadcrumb\":{\"@id\":\"https:\\\/\\\/firadecirc.org\\\/es\\\/publicidad\\\/#breadcrumb\"},\"inLanguage\":\"es\",\"potentialAction\":[{\"@type\":\"ReadAction\",\"target\":[\"https:\\\/\\\/firadecirc.org\\\/es\\\/publicidad\\\/\"]}]},{\"@type\":\"BreadcrumbList\",\"@id\":\"https:\\\/\\\/firadecirc.org\\\/es\\\/publicidad\\\/#breadcrumb\",\"itemListElement\":[{\"@type\":\"ListItem\",\"position\":1,\"name\":\"Inicio\",\"item\":\"https:\\\/\\\/firadecirc.org\\\/es\\\/\"},{\"@type\":\"ListItem\",\"position\":2,\"name\":\"Publicidad\"}]},{\"@type\":\"WebSite\",\"@id\":\"https:\\\/\\\/firadecirc.org\\\/es\\\/#website\",\"url\":\"https:\\\/\\\/firadecirc.org\\\/es\\\/\",\"name\":\"Fira de Circ\",\"description\":\"Fira del Circ al Carrer de la Bisbal d&#039;Empord\u00e0\",\"potentialAction\":[{\"@type\":\"SearchAction\",\"target\":{\"@type\":\"EntryPoint\",\"urlTemplate\":\"https:\\\/\\\/firadecirc.org\\\/es\\\/?s={search_term_string}\"},\"query-input\":{\"@type\":\"PropertyValueSpecification\",\"valueRequired\":true,\"valueName\":\"search_term_string\"}}],\"inLanguage\":\"es\"}]}<\/script>\n<!-- \/ Yoast SEO plugin. -->","yoast_head_json":{"title":"Publicidad - Fira de Circ","robots":{"index":"index","follow":"follow","max-snippet":"max-snippet:-1","max-image-preview":"max-image-preview:large","max-video-preview":"max-video-preview:-1"},"canonical":"https:\/\/firadecirc.org\/es\/publicidad\/","og_locale":"es_ES","og_type":"article","og_title":"Publicidad - Fira de Circ","og_description":"Publicidad Miles de personas asisten cada a\u00f1o a la Fira de Circ al Carrer de la Bisbal d\u2019Empord\u00e0, que se celebra el 3r fin de semana de julio, de viernes a domingo. El evento, eminentemente popular y muy bien valorado por el p\u00fablico, est\u00e1 plenamente consolidado y goza de buen seguimiento en los medios de [&hellip;]","og_url":"https:\/\/firadecirc.org\/es\/publicidad\/","og_site_name":"Fira de Circ","article_modified_time":"2025-06-29T09:37:55+00:00","twitter_card":"summary_large_image","twitter_misc":{"Tiempo de lectura":"1 minuto"},"schema":{"@context":"https:\/\/schema.org","@graph":[{"@type":"WebPage","@id":"https:\/\/firadecirc.org\/es\/publicidad\/","url":"https:\/\/firadecirc.org\/es\/publicidad\/","name":"Publicidad - Fira de Circ","isPartOf":{"@id":"https:\/\/firadecirc.org\/es\/#website"},"datePublished":"2025-06-03T15:43:45+00:00","dateModified":"2025-06-29T09:37:55+00:00","breadcrumb":{"@id":"https:\/\/firadecirc.org\/es\/publicidad\/#breadcrumb"},"inLanguage":"es","potentialAction":[{"@type":"ReadAction","target":["https:\/\/firadecirc.org\/es\/publicidad\/"]}]},{"@type":"BreadcrumbList","@id":"https:\/\/firadecirc.org\/es\/publicidad\/#breadcrumb","itemListElement":[{"@type":"ListItem","position":1,"name":"Inicio","item":"https:\/\/firadecirc.org\/es\/"},{"@type":"ListItem","position":2,"name":"Publicidad"}]},{"@type":"WebSite","@id":"https:\/\/firadecirc.org\/es\/#website","url":"https:\/\/firadecirc.org\/es\/","name":"Fira de Circ","description":"Fira del Circ al Carrer de la Bisbal d&#039;Empord\u00e0","potentialAction":[{"@type":"SearchAction","target":{"@type":"EntryPoint","urlTemplate":"https:\/\/firadecirc.org\/es\/?s={search_term_string}"},"query-input":{"@type":"PropertyValueSpecification","valueRequired":true,"valueName":"search_term_string"}}],"inLanguage":"es"}]}},"_links":{"self":[{"href":"https:\/\/firadecirc.org\/es\/wp-json\/wp\/v2\/pages\/11360","targetHints":{"allow":["GET"]}}],"collection":[{"href":"https:\/\/firadecirc.org\/es\/wp-json\/wp\/v2\/pages"}],"about":[{"href":"https:\/\/firadecirc.org\/es\/wp-json\/wp\/v2\/types\/page"}],"author":[{"embeddable":true,"href":"https:\/\/firadecirc.org\/es\/wp-json\/wp\/v2\/users\/1"}],"replies":[{"embeddable":true,"href":"https:\/\/firadecirc.org\/es\/wp-json\/wp\/v2\/comments?post=11360"}],"version-history":[{"count":1,"href":"https:\/\/firadecirc.org\/es\/wp-json\/wp\/v2\/pages\/11360\/revisions"}],"predecessor-version":[{"id":11361,"href":"https:\/\/firadecirc.org\/es\/wp-json\/wp\/v2\/pages\/11360\/revisions\/11361"}],"wp:attachment":[{"href":"https:\/\/firadecirc.org\/es\/wp-json\/wp\/v2\/media?parent=11360"}],"curies":[{"name":"wp","href":"https:\/\/api.w.org\/{rel}","templated":true}]}}