{"id":11276,"date":"2025-06-03T07:22:38","date_gmt":"2025-06-03T07:22:38","guid":{"rendered":"https:\/\/firadecirc.org\/hazte-voluntario\/"},"modified":"2025-06-26T14:44:29","modified_gmt":"2025-06-26T14:44:29","slug":"hazte-voluntario","status":"publish","type":"page","link":"https:\/\/firadecirc.org\/es\/hazte-voluntario\/","title":{"rendered":"Hazte voluntario"},"content":{"rendered":"\t\t<div data-elementor-type=\"wp-page\" data-elementor-id=\"11276\" class=\"elementor elementor-11276 elementor-9997\" data-elementor-post-type=\"page\">\n\t\t\t\t<div class=\"elementor-element elementor-element-74e87ab e-con-full e-flex e-con e-parent\" data-id=\"74e87ab\" data-element_type=\"container\" data-e-type=\"container\" data-settings=\"{&quot;jet_parallax_layout_list&quot;:[]}\">\n\t\t<div class=\"elementor-element elementor-element-54d718e e-con-full e-flex e-con e-child\" data-id=\"54d718e\" data-element_type=\"container\" data-e-type=\"container\" data-settings=\"{&quot;jet_parallax_layout_list&quot;:[]}\">\n\t\t\t\t<div class=\"elementor-element elementor-element-ea9fd79 elementor-widget elementor-widget-heading\" data-id=\"ea9fd79\" data-element_type=\"widget\" data-e-type=\"widget\" data-widget_type=\"heading.default\">\n\t\t\t\t<div class=\"elementor-widget-container\">\n\t\t\t\t\t<h1 class=\"elementor-heading-title elementor-size-default\"> Hazte voluntario<\/h1>\t\t\t\t<\/div>\n\t\t\t\t<\/div>\n\t\t\t\t<div class=\"elementor-element elementor-element-3479083 elementor-widget__width-initial elementor-widget-tablet__width-initial elementor-widget-mobile__width-inherit elementor-widget elementor-widget-text-editor\" data-id=\"3479083\" data-element_type=\"widget\" data-e-type=\"widget\" data-widget_type=\"text-editor.default\">\n\t\t\t\t<div class=\"elementor-widget-container\">\n\t\t\t\t\t\t\t\t\t<p>La participaci\u00f3n y el voluntariado popular hace posible, a\u00f1o tras a\u00f1o, , la Fira del Circ al Carrer de la Bisbal d\u2019Empord\u00e0.<\/p>\n\t\t\t\t\t\t\t\t<\/div>\n\t\t\t\t<\/div>\n\t\t<div class=\"elementor-element elementor-element-2aa2fa8 e-con-full e-flex e-con e-child\" data-id=\"2aa2fa8\" data-element_type=\"container\" data-e-type=\"container\" data-settings=\"{&quot;jet_parallax_layout_list&quot;:[]}\">\n\t\t<div class=\"elementor-element elementor-element-1eb04d9 e-con-full e-flex e-con e-child\" data-id=\"1eb04d9\" data-element_type=\"container\" data-e-type=\"container\" data-settings=\"{&quot;jet_parallax_layout_list&quot;:[],&quot;background_background&quot;:&quot;classic&quot;}\">\n\t\t\t\t<\/div>\n\t\t<div class=\"elementor-element elementor-element-63a7fe3 e-con-full e-flex e-con e-child\" data-id=\"63a7fe3\" data-element_type=\"container\" data-e-type=\"container\" data-settings=\"{&quot;jet_parallax_layout_list&quot;:[],&quot;background_background&quot;:&quot;classic&quot;}\">\n\t\t\t\t<div class=\"elementor-element elementor-element-d3d1b73 elementor-widget elementor-widget-heading\" data-id=\"d3d1b73\" data-element_type=\"widget\" data-e-type=\"widget\" data-widget_type=\"heading.default\">\n\t\t\t\t<div class=\"elementor-widget-container\">\n\t\t\t\t\t<p class=\"elementor-heading-title elementor-size-default\"> \u00bfQu\u00e9 te aporta ser voluntario de La Fira de Circ al Carrer?<\/p>\t\t\t\t<\/div>\n\t\t\t\t<\/div>\n\t\t\t\t<\/div>\n\t\t\t\t<\/div>\n\t\t<div class=\"elementor-element elementor-element-0db1bbe e-con-full e-flex e-con e-child\" data-id=\"0db1bbe\" data-element_type=\"container\" data-e-type=\"container\" data-settings=\"{&quot;jet_parallax_layout_list&quot;:[],&quot;background_background&quot;:&quot;classic&quot;}\">\n\t\t<div class=\"elementor-element elementor-element-b54defc e-con-full elementor-hidden-mobile e-flex e-con e-child\" data-id=\"b54defc\" data-element_type=\"container\" data-e-type=\"container\" data-settings=\"{&quot;jet_parallax_layout_list&quot;:[],&quot;background_background&quot;:&quot;classic&quot;}\">\n\t\t\t\t<\/div>\n\t\t<div class=\"elementor-element elementor-element-9f8b7a4 e-con-full e-flex e-con e-child\" data-id=\"9f8b7a4\" data-element_type=\"container\" data-e-type=\"container\" data-settings=\"{&quot;jet_parallax_layout_list&quot;:[],&quot;background_background&quot;:&quot;classic&quot;}\">\n\t\t\t\t<div class=\"elementor-element elementor-element-d5e472b elementor-widget__width-inherit elementor-widget-tablet__width-inherit elementor-widget elementor-widget-text-editor\" data-id=\"d5e472b\" data-element_type=\"widget\" data-e-type=\"widget\" data-widget_type=\"text-editor.default\">\n\t\t\t\t<div class=\"elementor-widget-container\">\n\t\t\t\t\t\t\t\t\t<ul>\n<li>La oportunidad de vivir la Fira de Circ al Carrer<br \/>\ndesde dentro: participar activamente en la organizaci\u00f3n de la feria (tener a los profesionales del sector al alcance -artistas, t\u00e9cnicos, programadores\/as\u2026-, y ver qu\u00e9 se cuece entre bambalinas).<\/li>\n<li>Conocer a personas con inquietudes comunes y\/o vivir la experiencia participando con amistades.<\/li>\n<li>Estar bien informado de todo lo que se hace en la Fira de Circ al Carrer.<\/li>\n<li>La satisfacci\u00f3n por haber hecho posible un festival popular de circo del pueblo y para el pueblo.<\/li>\n<\/ul>\n\t\t\t\t\t\t\t\t<\/div>\n\t\t\t\t<\/div>\n\t\t\t\t<div class=\"elementor-element elementor-element-bf8619d elementor-widget__width-inherit elementor-widget elementor-widget-text-editor\" data-id=\"bf8619d\" data-element_type=\"widget\" data-e-type=\"widget\" data-widget_type=\"text-editor.default\">\n\t\t\t\t<div class=\"elementor-widget-container\">\n\t\t\t\t\t\t\t\t\t<p><strong>\u00bfQu\u00e9 funciones tienen los voluntarios?<\/strong><\/p>\n<ul>\n<li>Control de espacios<\/li>\n<li>Punto de informaci\u00f3n<\/li>\n<li>Apoyo organizativo<\/li>\n<li>Alojamiento de compa\u00f1\u00edas y artistas<\/li>\n<\/ul>\n\t\t\t\t\t\t\t\t<\/div>\n\t\t\t\t<\/div>\n\t\t\t\t<div class=\"elementor-element elementor-element-3a63b9b elementor-widget elementor-widget-button\" data-id=\"3a63b9b\" data-element_type=\"widget\" data-e-type=\"widget\" data-widget_type=\"button.default\">\n\t\t\t\t<div class=\"elementor-widget-container\">\n\t\t\t\t\t\t\t\t\t<div class=\"elementor-button-wrapper\">\n\t\t\t\t\t<a class=\"elementor-button elementor-button-link elementor-size-sm\" href=\"https:\/\/firadecirc.org\/es\/contactar\/voluntariado\/\">\n\t\t\t\t\t\t<span class=\"elementor-button-content-wrapper\">\n\t\t\t\t\t\t\t\t\t<span class=\"elementor-button-text\">Inscr\u00edbete<\/span>\n\t\t\t\t\t<\/span>\n\t\t\t\t\t<\/a>\n\t\t\t\t<\/div>\n\t\t\t\t\t\t\t\t<\/div>\n\t\t\t\t<\/div>\n\t\t\t\t<\/div>\n\t\t\t\t<\/div>\n\t\t\t\t<\/div>\n\t\t\t\t<\/div>\n\t\t\t\t<\/div>\n\t\t","protected":false},"excerpt":{"rendered":"<p>Hazte voluntario La participaci\u00f3n y el voluntariado popular hace posible, a\u00f1o tras a\u00f1o, , la Fira del Circ al Carrer de la Bisbal d\u2019Empord\u00e0. \u00bfQu\u00e9 te aporta ser voluntario de La Fira de Circ al Carrer? La oportunidad de vivir la Fira de Circ al Carrer desde dentro: participar activamente en la organizaci\u00f3n de la [&hellip;]<\/p>\n","protected":false},"author":1,"featured_media":0,"parent":0,"menu_order":0,"comment_status":"closed","ping_status":"closed","template":"elementor_header_footer","meta":{"inline_featured_image":false,"footnotes":""},"class_list":["post-11276","page","type-page","status-publish","hentry"],"yoast_head":"<!-- This site is optimized with the Yoast SEO plugin v27.3 - https:\/\/yoast.com\/product\/yoast-seo-wordpress\/ -->\n<title>Hazte voluntario - Fira de Circ<\/title>\n<meta name=\"robots\" content=\"index, follow, max-snippet:-1, max-image-preview:large, max-video-preview:-1\" \/>\n<link rel=\"canonical\" href=\"https:\/\/firadecirc.org\/es\/hazte-voluntario\/\" \/>\n<meta property=\"og:locale\" content=\"es_ES\" \/>\n<meta property=\"og:type\" content=\"article\" \/>\n<meta property=\"og:title\" content=\"Hazte voluntario - Fira de Circ\" \/>\n<meta property=\"og:description\" content=\"Hazte voluntario La participaci\u00f3n y el voluntariado popular hace posible, a\u00f1o tras a\u00f1o, , la Fira del Circ al Carrer de la Bisbal d\u2019Empord\u00e0. \u00bfQu\u00e9 te aporta ser voluntario de La Fira de Circ al Carrer? La oportunidad de vivir la Fira de Circ al Carrer desde dentro: participar activamente en la organizaci\u00f3n de la [&hellip;]\" \/>\n<meta property=\"og:url\" content=\"https:\/\/firadecirc.org\/es\/hazte-voluntario\/\" \/>\n<meta property=\"og:site_name\" content=\"Fira de Circ\" \/>\n<meta property=\"article:modified_time\" content=\"2025-06-26T14:44:29+00:00\" \/>\n<meta name=\"twitter:card\" content=\"summary_large_image\" \/>\n<meta name=\"twitter:label1\" content=\"Tiempo de lectura\" \/>\n\t<meta name=\"twitter:data1\" content=\"1 minuto\" \/>\n<script type=\"application\/ld+json\" class=\"yoast-schema-graph\">{\"@context\":\"https:\\\/\\\/schema.org\",\"@graph\":[{\"@type\":\"WebPage\",\"@id\":\"https:\\\/\\\/firadecirc.org\\\/es\\\/hazte-voluntario\\\/\",\"url\":\"https:\\\/\\\/firadecirc.org\\\/es\\\/hazte-voluntario\\\/\",\"name\":\"Hazte voluntario - Fira de Circ\",\"isPartOf\":{\"@id\":\"https:\\\/\\\/firadecirc.org\\\/es\\\/#website\"},\"datePublished\":\"2025-06-03T07:22:38+00:00\",\"dateModified\":\"2025-06-26T14:44:29+00:00\",\"breadcrumb\":{\"@id\":\"https:\\\/\\\/firadecirc.org\\\/es\\\/hazte-voluntario\\\/#breadcrumb\"},\"inLanguage\":\"es\",\"potentialAction\":[{\"@type\":\"ReadAction\",\"target\":[\"https:\\\/\\\/firadecirc.org\\\/es\\\/hazte-voluntario\\\/\"]}]},{\"@type\":\"BreadcrumbList\",\"@id\":\"https:\\\/\\\/firadecirc.org\\\/es\\\/hazte-voluntario\\\/#breadcrumb\",\"itemListElement\":[{\"@type\":\"ListItem\",\"position\":1,\"name\":\"Inicio\",\"item\":\"https:\\\/\\\/firadecirc.org\\\/es\\\/\"},{\"@type\":\"ListItem\",\"position\":2,\"name\":\"Hazte voluntario\"}]},{\"@type\":\"WebSite\",\"@id\":\"https:\\\/\\\/firadecirc.org\\\/es\\\/#website\",\"url\":\"https:\\\/\\\/firadecirc.org\\\/es\\\/\",\"name\":\"Fira de Circ\",\"description\":\"Fira del Circ al Carrer de la Bisbal d&#039;Empord\u00e0\",\"potentialAction\":[{\"@type\":\"SearchAction\",\"target\":{\"@type\":\"EntryPoint\",\"urlTemplate\":\"https:\\\/\\\/firadecirc.org\\\/es\\\/?s={search_term_string}\"},\"query-input\":{\"@type\":\"PropertyValueSpecification\",\"valueRequired\":true,\"valueName\":\"search_term_string\"}}],\"inLanguage\":\"es\"}]}<\/script>\n<!-- \/ Yoast SEO plugin. -->","yoast_head_json":{"title":"Hazte voluntario - Fira de Circ","robots":{"index":"index","follow":"follow","max-snippet":"max-snippet:-1","max-image-preview":"max-image-preview:large","max-video-preview":"max-video-preview:-1"},"canonical":"https:\/\/firadecirc.org\/es\/hazte-voluntario\/","og_locale":"es_ES","og_type":"article","og_title":"Hazte voluntario - Fira de Circ","og_description":"Hazte voluntario La participaci\u00f3n y el voluntariado popular hace posible, a\u00f1o tras a\u00f1o, , la Fira del Circ al Carrer de la Bisbal d\u2019Empord\u00e0. \u00bfQu\u00e9 te aporta ser voluntario de La Fira de Circ al Carrer? La oportunidad de vivir la Fira de Circ al Carrer desde dentro: participar activamente en la organizaci\u00f3n de la [&hellip;]","og_url":"https:\/\/firadecirc.org\/es\/hazte-voluntario\/","og_site_name":"Fira de Circ","article_modified_time":"2025-06-26T14:44:29+00:00","twitter_card":"summary_large_image","twitter_misc":{"Tiempo de lectura":"1 minuto"},"schema":{"@context":"https:\/\/schema.org","@graph":[{"@type":"WebPage","@id":"https:\/\/firadecirc.org\/es\/hazte-voluntario\/","url":"https:\/\/firadecirc.org\/es\/hazte-voluntario\/","name":"Hazte voluntario - Fira de Circ","isPartOf":{"@id":"https:\/\/firadecirc.org\/es\/#website"},"datePublished":"2025-06-03T07:22:38+00:00","dateModified":"2025-06-26T14:44:29+00:00","breadcrumb":{"@id":"https:\/\/firadecirc.org\/es\/hazte-voluntario\/#breadcrumb"},"inLanguage":"es","potentialAction":[{"@type":"ReadAction","target":["https:\/\/firadecirc.org\/es\/hazte-voluntario\/"]}]},{"@type":"BreadcrumbList","@id":"https:\/\/firadecirc.org\/es\/hazte-voluntario\/#breadcrumb","itemListElement":[{"@type":"ListItem","position":1,"name":"Inicio","item":"https:\/\/firadecirc.org\/es\/"},{"@type":"ListItem","position":2,"name":"Hazte voluntario"}]},{"@type":"WebSite","@id":"https:\/\/firadecirc.org\/es\/#website","url":"https:\/\/firadecirc.org\/es\/","name":"Fira de Circ","description":"Fira del Circ al Carrer de la Bisbal d&#039;Empord\u00e0","potentialAction":[{"@type":"SearchAction","target":{"@type":"EntryPoint","urlTemplate":"https:\/\/firadecirc.org\/es\/?s={search_term_string}"},"query-input":{"@type":"PropertyValueSpecification","valueRequired":true,"valueName":"search_term_string"}}],"inLanguage":"es"}]}},"_links":{"self":[{"href":"https:\/\/firadecirc.org\/es\/wp-json\/wp\/v2\/pages\/11276","targetHints":{"allow":["GET"]}}],"collection":[{"href":"https:\/\/firadecirc.org\/es\/wp-json\/wp\/v2\/pages"}],"about":[{"href":"https:\/\/firadecirc.org\/es\/wp-json\/wp\/v2\/types\/page"}],"author":[{"embeddable":true,"href":"https:\/\/firadecirc.org\/es\/wp-json\/wp\/v2\/users\/1"}],"replies":[{"embeddable":true,"href":"https:\/\/firadecirc.org\/es\/wp-json\/wp\/v2\/comments?post=11276"}],"version-history":[{"count":1,"href":"https:\/\/firadecirc.org\/es\/wp-json\/wp\/v2\/pages\/11276\/revisions"}],"predecessor-version":[{"id":11277,"href":"https:\/\/firadecirc.org\/es\/wp-json\/wp\/v2\/pages\/11276\/revisions\/11277"}],"wp:attachment":[{"href":"https:\/\/firadecirc.org\/es\/wp-json\/wp\/v2\/media?parent=11276"}],"curies":[{"name":"wp","href":"https:\/\/api.w.org\/{rel}","templated":true}]}}