{"id":11252,"date":"2025-05-22T06:27:58","date_gmt":"2025-05-22T06:27:58","guid":{"rendered":"https:\/\/firadecirc.org\/accesibilidad\/"},"modified":"2025-06-26T13:36:18","modified_gmt":"2025-06-26T13:36:18","slug":"accesibilidad","status":"publish","type":"page","link":"https:\/\/firadecirc.org\/es\/accesibilidad\/","title":{"rendered":"Accesibilidad"},"content":{"rendered":"\t\t<div data-elementor-type=\"wp-page\" data-elementor-id=\"11252\" class=\"elementor elementor-11252 elementor-9178\" data-elementor-post-type=\"page\">\n\t\t\t\t<div class=\"elementor-element elementor-element-74e87ab e-con-full e-flex e-con e-parent\" data-id=\"74e87ab\" data-element_type=\"container\" data-e-type=\"container\" data-settings=\"{&quot;jet_parallax_layout_list&quot;:[]}\">\n\t\t<div class=\"elementor-element elementor-element-54d718e e-con-full e-flex e-con e-child\" data-id=\"54d718e\" data-element_type=\"container\" data-e-type=\"container\" data-settings=\"{&quot;jet_parallax_layout_list&quot;:[]}\">\n\t\t\t\t<div class=\"elementor-element elementor-element-ea9fd79 elementor-widget elementor-widget-heading\" data-id=\"ea9fd79\" data-element_type=\"widget\" data-e-type=\"widget\" data-widget_type=\"heading.default\">\n\t\t\t\t<div class=\"elementor-widget-container\">\n\t\t\t\t\t<h1 class=\"elementor-heading-title elementor-size-default\">Accesibilidad<\/h1>\t\t\t\t<\/div>\n\t\t\t\t<\/div>\n\t\t<div class=\"elementor-element elementor-element-922bb26 e-con-full e-flex e-con e-child\" data-id=\"922bb26\" data-element_type=\"container\" data-e-type=\"container\" data-settings=\"{&quot;jet_parallax_layout_list&quot;:[]}\">\n\t\t\t\t<div class=\"elementor-element elementor-element-3c56775 elementor-widget__width-inherit elementor-widget elementor-widget-text-editor\" data-id=\"3c56775\" data-element_type=\"widget\" data-e-type=\"widget\" data-widget_type=\"text-editor.default\">\n\t\t\t\t<div class=\"elementor-widget-container\">\n\t\t\t\t\t\t\t\t\t<p>La Fira de Circ al Carrer de la Bisbal d\u2019Empord\u00e0 trabaja para que el circo llegue a todo el mundo con firme voluntad inclusiva. Por eso, a\u00f1o tras a\u00f1o, en cada edici\u00f3n se programan espect\u00e1culos en este sentido.<\/p>\n<p>Asimismo, la Fira de Circ al Carrer de la Bisbal d\u2019Empord\u00e0 se ha comprometido a hacer accesible su sitio web de conformidad con el Real decreto 1112\/2018, de 7 de septiembre, sobre accesibilidad de los sitios web y aplicaciones para dispositivos m\u00f3viles del sector p\u00fablico, por el que se transpone la Directiva (UE) de 2016\/2016 de 2016.<\/p>\n<p>La presente declaraci\u00f3n de accesibilidad se aplica al sitio web de la Fira de Circ al Carrer de la Bisbal d\u2019Empord\u00e0, excluyendo los contenidos incrustados provenientes de otros dominios.<\/p>\n\t\t\t\t\t\t\t\t<\/div>\n\t\t\t\t<\/div>\n\t\t\t\t<div class=\"elementor-element elementor-element-5819da9 elementor-widget elementor-widget-heading\" data-id=\"5819da9\" data-element_type=\"widget\" data-e-type=\"widget\" data-widget_type=\"heading.default\">\n\t\t\t\t<div class=\"elementor-widget-container\">\n\t\t\t\t\t<h2 class=\"elementor-heading-title elementor-size-default\">Llegar a p\u00fablico en riesgo de exclusi\u00f3n cultural<\/h2>\t\t\t\t<\/div>\n\t\t\t\t<\/div>\n\t\t\t\t<div class=\"elementor-element elementor-element-e206184 elementor-widget__width-inherit elementor-widget elementor-widget-text-editor\" data-id=\"e206184\" data-element_type=\"widget\" data-e-type=\"widget\" data-widget_type=\"text-editor.default\">\n\t\t\t\t<div class=\"elementor-widget-container\">\n\t\t\t\t\t\t\t\t\t<p>La Fira de Circ al Carrer siempre se ha marcado el reto de acercar la cultura al m\u00e1ximo n\u00famero de personas sin exclusiones. En este sentido, hace a\u00f1os que acerca el festival a sectores sociales en riesgo de exclusi\u00f3n cultural. La experiencia, un \u00e9xito de participaci\u00f3n e implicaci\u00f3n, siempre se reinventa programando en espacio de zonas perif\u00e9ricas de la Bisbal d\u00b4Empord\u00e0.<br \/>En esta l\u00ednea, la Fira de Circ al Carrer tambi\u00e9n hace parada en la Residencia Geri\u00e1trica Municipal Zoilo Feliu, donde cada a\u00f1o se hace una funci\u00f3n adaptada por una de las compa\u00f1\u00edas que configuran la programaci\u00f3n de la edici\u00f3n.<\/p>\n\t\t\t\t\t\t\t\t<\/div>\n\t\t\t\t<\/div>\n\t\t\t\t<div class=\"elementor-element elementor-element-c67196e elementor-widget elementor-widget-heading\" data-id=\"c67196e\" data-element_type=\"widget\" data-e-type=\"widget\" data-widget_type=\"heading.default\">\n\t\t\t\t<div class=\"elementor-widget-container\">\n\t\t\t\t\t<h2 class=\"elementor-heading-title elementor-size-default\">Accesible a personas con movilidad reducida<\/h2>\t\t\t\t<\/div>\n\t\t\t\t<\/div>\n\t\t\t\t<div class=\"elementor-element elementor-element-d2502d0 elementor-widget__width-inherit elementor-widget elementor-widget-text-editor\" data-id=\"d2502d0\" data-element_type=\"widget\" data-e-type=\"widget\" data-widget_type=\"text-editor.default\">\n\t\t\t\t<div class=\"elementor-widget-container\">\n\t\t\t\t\t\t\t\t\t<p>La Fira de Circ al Carrer de la Bisbal d\u2019Empord\u00e0 es un evento pensado para todos, y por eso, cada a\u00f1o la organizaci\u00f3n trabaja para garantizar que todos los espect\u00e1culos sean accesibles tambi\u00e9n para personas con movilidad reducida. Concretamente, en todos los espacios de actuaci\u00f3n, se reserva una zona espec\u00edfica y se\u00f1alizada para personas que utilizan silla de ruedas o que tienen dificultades de movilidad. Estos espacios est\u00e1n situados estrat\u00e9gicamente para garantizar una buena visibilidad, seguridad y comodidad, tanto para personas con movilidad reducida como para sus acompa\u00f1antes.<\/p>\n\t\t\t\t\t\t\t\t<\/div>\n\t\t\t\t<\/div>\n\t\t\t\t<div class=\"elementor-element elementor-element-15656a4 elementor-widget elementor-widget-heading\" data-id=\"15656a4\" data-element_type=\"widget\" data-e-type=\"widget\" data-widget_type=\"heading.default\">\n\t\t\t\t<div class=\"elementor-widget-container\">\n\t\t\t\t\t<h2 class=\"elementor-heading-title elementor-size-default\">Nuevos lenguajes, nuevos p\u00fablicos<\/h2>\t\t\t\t<\/div>\n\t\t\t\t<\/div>\n\t\t\t\t<div class=\"elementor-element elementor-element-fa553a5 elementor-widget__width-inherit elementor-widget elementor-widget-text-editor\" data-id=\"fa553a5\" data-element_type=\"widget\" data-e-type=\"widget\" data-widget_type=\"text-editor.default\">\n\t\t\t\t<div class=\"elementor-widget-container\">\n\t\t\t\t\t\t\t\t\t<p>De un tiempo a esta parte, el circo flirtea y se fusiona con otras artes y formas de expresi\u00f3n que van m\u00e1s all\u00e1 de la disciplina. La Fira de Circ al Carrer ha sido siempre un buen escaparate en este aspecto: una fusi\u00f3n inevitable que permite que p\u00fablico no tan cercano al circo pueda tener inter\u00e9s en este tipo de propuestas y, por tanto, abre una puerta a incorporar nuevos espectadores. Danza, m\u00fasica, acciones corporales, artes visuales o montajes participativos son algunas de las posibles disciplinas que se creen en algunas de las propuestas que se prev\u00e9n presentar en la 30 edici\u00f3n de la Fira de Circ.<\/p>\n\t\t\t\t\t\t\t\t<\/div>\n\t\t\t\t<\/div>\n\t\t\t\t<\/div>\n\t\t\t\t<\/div>\n\t\t\t\t<\/div>\n\t\t\t\t<\/div>\n\t\t","protected":false},"excerpt":{"rendered":"<p>Accesibilidad La Fira de Circ al Carrer de la Bisbal d\u2019Empord\u00e0 trabaja para que el circo llegue a todo el mundo con firme voluntad inclusiva. Por eso, a\u00f1o tras a\u00f1o, en cada edici\u00f3n se programan espect\u00e1culos en este sentido. Asimismo, la Fira de Circ al Carrer de la Bisbal d\u2019Empord\u00e0 se ha comprometido a hacer [&hellip;]<\/p>\n","protected":false},"author":1,"featured_media":0,"parent":0,"menu_order":0,"comment_status":"closed","ping_status":"closed","template":"elementor_header_footer","meta":{"inline_featured_image":false,"footnotes":""},"class_list":["post-11252","page","type-page","status-publish","hentry"],"yoast_head":"<!-- This site is optimized with the Yoast SEO plugin v27.3 - https:\/\/yoast.com\/product\/yoast-seo-wordpress\/ -->\n<title>Accesibilidad - Fira de Circ<\/title>\n<meta name=\"robots\" content=\"index, follow, max-snippet:-1, max-image-preview:large, max-video-preview:-1\" \/>\n<link rel=\"canonical\" href=\"https:\/\/firadecirc.org\/es\/accesibilidad\/\" \/>\n<meta property=\"og:locale\" content=\"es_ES\" \/>\n<meta property=\"og:type\" content=\"article\" \/>\n<meta property=\"og:title\" content=\"Accesibilidad - Fira de Circ\" \/>\n<meta property=\"og:description\" content=\"Accesibilidad La Fira de Circ al Carrer de la Bisbal d\u2019Empord\u00e0 trabaja para que el circo llegue a todo el mundo con firme voluntad inclusiva. Por eso, a\u00f1o tras a\u00f1o, en cada edici\u00f3n se programan espect\u00e1culos en este sentido. Asimismo, la Fira de Circ al Carrer de la Bisbal d\u2019Empord\u00e0 se ha comprometido a hacer [&hellip;]\" \/>\n<meta property=\"og:url\" content=\"https:\/\/firadecirc.org\/es\/accesibilidad\/\" \/>\n<meta property=\"og:site_name\" content=\"Fira de Circ\" \/>\n<meta property=\"article:modified_time\" content=\"2025-06-26T13:36:18+00:00\" \/>\n<meta name=\"twitter:card\" content=\"summary_large_image\" \/>\n<meta name=\"twitter:label1\" content=\"Tiempo de lectura\" \/>\n\t<meta name=\"twitter:data1\" content=\"2 minutos\" \/>\n<script type=\"application\/ld+json\" class=\"yoast-schema-graph\">{\"@context\":\"https:\\\/\\\/schema.org\",\"@graph\":[{\"@type\":\"WebPage\",\"@id\":\"https:\\\/\\\/firadecirc.org\\\/es\\\/accesibilidad\\\/\",\"url\":\"https:\\\/\\\/firadecirc.org\\\/es\\\/accesibilidad\\\/\",\"name\":\"Accesibilidad - Fira de Circ\",\"isPartOf\":{\"@id\":\"https:\\\/\\\/firadecirc.org\\\/es\\\/#website\"},\"datePublished\":\"2025-05-22T06:27:58+00:00\",\"dateModified\":\"2025-06-26T13:36:18+00:00\",\"breadcrumb\":{\"@id\":\"https:\\\/\\\/firadecirc.org\\\/es\\\/accesibilidad\\\/#breadcrumb\"},\"inLanguage\":\"es\",\"potentialAction\":[{\"@type\":\"ReadAction\",\"target\":[\"https:\\\/\\\/firadecirc.org\\\/es\\\/accesibilidad\\\/\"]}]},{\"@type\":\"BreadcrumbList\",\"@id\":\"https:\\\/\\\/firadecirc.org\\\/es\\\/accesibilidad\\\/#breadcrumb\",\"itemListElement\":[{\"@type\":\"ListItem\",\"position\":1,\"name\":\"Inicio\",\"item\":\"https:\\\/\\\/firadecirc.org\\\/es\\\/\"},{\"@type\":\"ListItem\",\"position\":2,\"name\":\"Accesibilidad\"}]},{\"@type\":\"WebSite\",\"@id\":\"https:\\\/\\\/firadecirc.org\\\/es\\\/#website\",\"url\":\"https:\\\/\\\/firadecirc.org\\\/es\\\/\",\"name\":\"Fira de Circ\",\"description\":\"Fira del Circ al Carrer de la Bisbal d&#039;Empord\u00e0\",\"potentialAction\":[{\"@type\":\"SearchAction\",\"target\":{\"@type\":\"EntryPoint\",\"urlTemplate\":\"https:\\\/\\\/firadecirc.org\\\/es\\\/?s={search_term_string}\"},\"query-input\":{\"@type\":\"PropertyValueSpecification\",\"valueRequired\":true,\"valueName\":\"search_term_string\"}}],\"inLanguage\":\"es\"}]}<\/script>\n<!-- \/ Yoast SEO plugin. -->","yoast_head_json":{"title":"Accesibilidad - Fira de Circ","robots":{"index":"index","follow":"follow","max-snippet":"max-snippet:-1","max-image-preview":"max-image-preview:large","max-video-preview":"max-video-preview:-1"},"canonical":"https:\/\/firadecirc.org\/es\/accesibilidad\/","og_locale":"es_ES","og_type":"article","og_title":"Accesibilidad - Fira de Circ","og_description":"Accesibilidad La Fira de Circ al Carrer de la Bisbal d\u2019Empord\u00e0 trabaja para que el circo llegue a todo el mundo con firme voluntad inclusiva. Por eso, a\u00f1o tras a\u00f1o, en cada edici\u00f3n se programan espect\u00e1culos en este sentido. Asimismo, la Fira de Circ al Carrer de la Bisbal d\u2019Empord\u00e0 se ha comprometido a hacer [&hellip;]","og_url":"https:\/\/firadecirc.org\/es\/accesibilidad\/","og_site_name":"Fira de Circ","article_modified_time":"2025-06-26T13:36:18+00:00","twitter_card":"summary_large_image","twitter_misc":{"Tiempo de lectura":"2 minutos"},"schema":{"@context":"https:\/\/schema.org","@graph":[{"@type":"WebPage","@id":"https:\/\/firadecirc.org\/es\/accesibilidad\/","url":"https:\/\/firadecirc.org\/es\/accesibilidad\/","name":"Accesibilidad - Fira de Circ","isPartOf":{"@id":"https:\/\/firadecirc.org\/es\/#website"},"datePublished":"2025-05-22T06:27:58+00:00","dateModified":"2025-06-26T13:36:18+00:00","breadcrumb":{"@id":"https:\/\/firadecirc.org\/es\/accesibilidad\/#breadcrumb"},"inLanguage":"es","potentialAction":[{"@type":"ReadAction","target":["https:\/\/firadecirc.org\/es\/accesibilidad\/"]}]},{"@type":"BreadcrumbList","@id":"https:\/\/firadecirc.org\/es\/accesibilidad\/#breadcrumb","itemListElement":[{"@type":"ListItem","position":1,"name":"Inicio","item":"https:\/\/firadecirc.org\/es\/"},{"@type":"ListItem","position":2,"name":"Accesibilidad"}]},{"@type":"WebSite","@id":"https:\/\/firadecirc.org\/es\/#website","url":"https:\/\/firadecirc.org\/es\/","name":"Fira de Circ","description":"Fira del Circ al Carrer de la Bisbal d&#039;Empord\u00e0","potentialAction":[{"@type":"SearchAction","target":{"@type":"EntryPoint","urlTemplate":"https:\/\/firadecirc.org\/es\/?s={search_term_string}"},"query-input":{"@type":"PropertyValueSpecification","valueRequired":true,"valueName":"search_term_string"}}],"inLanguage":"es"}]}},"_links":{"self":[{"href":"https:\/\/firadecirc.org\/es\/wp-json\/wp\/v2\/pages\/11252","targetHints":{"allow":["GET"]}}],"collection":[{"href":"https:\/\/firadecirc.org\/es\/wp-json\/wp\/v2\/pages"}],"about":[{"href":"https:\/\/firadecirc.org\/es\/wp-json\/wp\/v2\/types\/page"}],"author":[{"embeddable":true,"href":"https:\/\/firadecirc.org\/es\/wp-json\/wp\/v2\/users\/1"}],"replies":[{"embeddable":true,"href":"https:\/\/firadecirc.org\/es\/wp-json\/wp\/v2\/comments?post=11252"}],"version-history":[{"count":1,"href":"https:\/\/firadecirc.org\/es\/wp-json\/wp\/v2\/pages\/11252\/revisions"}],"predecessor-version":[{"id":11253,"href":"https:\/\/firadecirc.org\/es\/wp-json\/wp\/v2\/pages\/11252\/revisions\/11253"}],"wp:attachment":[{"href":"https:\/\/firadecirc.org\/es\/wp-json\/wp\/v2\/media?parent=11252"}],"curies":[{"name":"wp","href":"https:\/\/api.w.org\/{rel}","templated":true}]}}